{"id":3562,"date":"2020-09-21T22:12:55","date_gmt":"2020-09-21T22:12:55","guid":{"rendered":"https:\/\/healingclinicturkey.com\/%d8%a5%d8%aa%d8%b5%d9%84-%d8%a8%d9%86%d8%a7\/"},"modified":"2024-07-17T21:12:41","modified_gmt":"2024-07-17T18:12:41","slug":"%d8%a5%d8%aa%d8%b5%d9%84-%d8%a8%d9%86%d8%a7","status":"publish","type":"page","link":"https:\/\/healingclinicturkey.com\/ar\/%d8%a5%d8%aa%d8%b5%d9%84-%d8%a8%d9%86%d8%a7\/","title":{"rendered":"\u0625\u062a\u0635\u0644 \u0628\u0646\u0627"},"content":{"rendered":"<div class=\"wpb-content-wrapper\"><p>[vc_row css=&#8221;.vc_custom_1545816911406{padding-right: 15px !important;padding-left: 15px !important;}&#8221;][vc_column ct_column_class=&#8221;rm-padding-sm&#8221; el_class=&#8221;col-boxshadow&#8221; css=&#8221;.vc_custom_1545897722938{padding-top: 0px !important;padding-right: 70px !important;padding-left: 70px !important;}&#8221;][ct_space space_lg=&#8221;70&#8243; space_md=&#8221;70&#8243; space_sm=&#8221;70&#8243; space_xs=&#8221;30&#8243;][vc_row_inner][vc_column_inner css=&#8221;.vc_custom_1545816757842{padding-top: 0px !important;}&#8221; offset=&#8221;vc_col-lg-9 vc_col-md-9&#8243;][ct_heading text=&#8221;\u0625\u062a\u062e\u0630 \u0642\u0631\u0627\u0631\u0643\u060c \u0648\u0642\u0645 \u0628\u0643\u0644 \u0645\u0627 \u064a\u0644\u0632\u0645<br \/>\n<cite> \u0644\u062a\u0639\u0643\u0633 \u062c\u0627\u0630\u0628\u064a\u062a\u0643<\/cite><br \/>\n\u062a\u0648\u0627\u0635\u0644 \u0645\u0639 \u0623\u0637\u0628\u0627\u0626\u0646\u0627 \u0648 \u0627\u062d\u062c\u0632 \u0645\u0648\u0639\u062f&#8221; align_lg=&#8221;align-center&#8221; align_md=&#8221;align-center-md&#8221; align_sm=&#8221;align-center-sm&#8221; align_xs=&#8221;align-center-xs&#8221; font_size_xs=&#8221;26&#8243; font_weight=&#8221;&#8221; description_font_weight=&#8221;inherit&#8221;][\/vc_column_inner][vc_column_inner width=&#8221;1\/4&#8243; css=&#8221;.vc_custom_1545816763346{padding-top: 0px !important;}&#8221;][\/vc_column_inner][\/vc_row_inner][vc_empty_space height=&#8221;20&#8243;][vc_row_inner][vc_column_inner width=&#8221;7\/12&#8243;][vc_empty_space height=&#8221;21&#8243;][vc_column_text css=&#8221;.vc_custom_1600937214247{margin-bottom: 9px !important;}&#8221;]<\/p>\n<p style=\"text-align: right;\">\u0641\u064a \u062d\u0627\u0644 \u0648\u062c\u0648\u062f \u0623\u064a \u0627\u0633\u062a\u0641\u0633\u0627\u0631\u060c \u0627\u0644\u0631\u062c\u0627\u0621 \u0627\u0644\u062a\u0648\u0627\u0635\u0644 \u0645\u0639\u0646\u0627 \u0639\u0646 \u0637\u0631\u064a\u0642 \u0623\u062d\u062f \u0627\u0644\u0645\u0639\u0644\u0648\u0645\u0627\u062a \u0623\u062f\u0646\u0627\u0647:<\/p>\n<p>[\/vc_column_text][vc_empty_space height=&#8221;21&#8243;][ct_contact_info content_type=&#8221;tel&#8221; icon_fontawesome=&#8221;fas fa-phone-volume&#8221; title=&#8221;131 Dartmouth Street Boston, Massachusetts 02116 United States&#8221; content_info=&#8221;33 99 233 552 90 +&#8221;][vc_empty_space height=&#8221;21&#8243;][ct_contact_info content_type=&#8221;email&#8221; icon_fontawesome=&#8221;fa fa-envelope&#8221; title=&#8221;131 Dartmouth Street Boston, Massachusetts 02116 United States&#8221; content_info=&#8221;Info@Healingclinicturkey.com&#8221;][vc_empty_space height=&#8221;21&#8243;][ct_contact_info content_type=&#8221;map&#8221; button_text=&#8221;\u0627\u0644\u0645\u0648\u0642\u0639 \u0639\u0644\u0649 \u062e\u0631\u0627\u0626\u0637 \u063a\u0648\u063a\u0644&#8221; button_link=&#8221;url:https%3A%2F%2Fgoo.gl%2Fmaps%2FEm3UfuvJG2RL73Cq7|title:https%3A%2F%2Fg.page%2Fhealing-group-turkey%3Fshare|target:_blank&#8221; title=&#8221;131 Dartmouth Street Boston, Massachusetts 02116 United States&#8221; content_info=&#8221;Ku\u015ftepe, Yoncal\u0131 Sk. No: 12, 34387 \u015ei\u015fli\/\u0130stanbul&#8221;][vc_empty_space height=&#8221;21&#8243;][vc_separator color=&#8221;white&#8221;][vc_btn title=&#8221;Facebook&#8221; color=&#8221;primary&#8221; i_align=&#8221;right&#8221; i_icon_fontawesome=&#8221;fab fa-facebook-square&#8221; add_icon=&#8221;true&#8221; link=&#8221;url:https%3A%2F%2Fwww.facebook.com%2FHealingclinicTurkiye%2F|target:_blank&#8221; css=&#8221;.vc_custom_1721239956351{margin-left: 10px !important;}&#8221;][vc_btn title=&#8221;X&#8221; color=&#8221;primary&#8221; i_align=&#8221;right&#8221; i_icon_fontawesome=&#8221;fab fa-twitter&#8221; add_icon=&#8221;true&#8221; link=&#8221;url:https%3A%2F%2Ftwitter.com%2FHealingClinicTR|title:Twitter|target:_blank&#8221; css=&#8221;.vc_custom_1707661507954{margin-left: 10px !important;}&#8221;][vc_btn title=&#8221;Linkedin&#8221; color=&#8221;primary&#8221; i_align=&#8221;right&#8221; i_icon_fontawesome=&#8221;fab fa-linkedin-in&#8221; add_icon=&#8221;true&#8221; link=&#8221;url:https%3A%2F%2Fwww.linkedin.com%2Fcompany%2Fhealing-clinic-turkey%2F|title:Linked%20in&#8221; css=&#8221;.vc_custom_1707661500634{margin-left: 10px !important;}&#8221;][vc_btn title=&#8221;Insta&#8221; color=&#8221;primary&#8221; i_align=&#8221;right&#8221; i_icon_fontawesome=&#8221;fab fa-instagram&#8221; add_icon=&#8221;true&#8221; link=&#8221;url:https%3A%2F%2Fwww.instagram.com%2Fhealing_clinic_turkey%2F|title:Instgram|target:_blank&#8221; css=&#8221;.vc_custom_1707661515535{margin-left: 10px !important;}&#8221;][vc_btn title=&#8221;Youtube&#8221; color=&#8221;primary&#8221; i_align=&#8221;right&#8221; i_icon_fontawesome=&#8221;fab fa-youtube&#8221; add_icon=&#8221;true&#8221; link=&#8221;url:https%3A%2F%2Fwww.youtube.com%2Fchannel%2FUCvKleAd_y5JiBSjRGdJnMJw%3Fview_as%3Dsubscriber|target:_blank&#8221;][\/vc_column_inner][vc_column_inner width=&#8221;5\/12&#8243;][ct_space space_lg=&#8221;0&#8243; space_md=&#8221;0&#8243; space_sm=&#8221;0&#8243; space_xs=&#8221;32&#8243;][ct_contact_form id=&#8221;1068&#8243; styles=&#8221;style4&#8243;][\/vc_column_inner][\/vc_row_inner][ct_space space_lg=&#8221;80&#8243; space_md=&#8221;80&#8243; space_sm=&#8221;80&#8243; space_xs=&#8221;30&#8243;][vc_raw_html]JTNDaWZyYW1lJTIwc3JjJTNEJTIyaHR0cHMlM0ElMkYlMkZ3d3cuZ29vZ2xlLmNvbSUyRm1hcHMlMkZlbWJlZCUzRnBiJTNEJTIxMW0xNCUyMTFtOCUyMTFtMyUyMTFkMTIwNDAuODUxODIxNjc2MTYlMjEyZDI4Ljk0MjE1OTUlMjEzZDQxLjAyMDU5NjclMjEzbTIlMjExaTEwMjQlMjEyaTc2OCUyMTRmMTMuMSUyMTNtMyUyMTFtMiUyMTFzMHgwJTI1M0EweDE2M2ZmNjExMWEyZmJjZmYlMjEyelNHVmhiR2x1WnlCRGJHbHVhV01nTFNEWmg5bUsyWVRaaXRtRzJZTWcyWVBaaE5tSzJZYlppdG1EJTIxNWUwJTIxM20yJTIxMXNlbiUyMTJzdHIlMjE0djE2MDM4MDMxNTg2NjAlMjE1bTIlMjExc2VuJTIxMnN0ciUyMiUyMHdpZHRoJTNEJTIyMTEwMCUyMiUyMGhlaWdodCUzRCUyMjQwMCUyMiUyMGZyYW1lYm9yZGVyJTNEJTIyMCUyMiUyMHN0eWxlJTNEJTIyYm9yZGVyJTNBMCUzQiUyMiUyMGFsbG93ZnVsbHNjcmVlbiUzRCUyMiUyMiUyMGFyaWEtaGlkZGVuJTNEJTIyZmFsc2UlMjIlMjB0YWJpbmRleCUzRCUyMjAlMjIlM0UlM0MlMkZpZnJhbWUlM0U=[\/vc_raw_html][\/vc_column][\/vc_row]<\/p>\n<\/div>","protected":false},"excerpt":{"rendered":"<p>[vc_row css=&#8221;.vc_custom_1545816911406{padding-right: 15px !important;padding-left: 15px !important;}&#8221;][vc_column ct_column_class=&#8221;rm-padding-sm&#8221; el_class=&#8221;col-boxshadow&#8221; css=&#8221;.vc_custom_1545897722938{padding-top: 0px !important;padding-right: 70px !important;padding-left: 70px !important;}&#8221;][ct_space space_lg=&#8221;70&#8243; space_md=&#8221;70&#8243; space_sm=&#8221;70&#8243; space_xs=&#8221;30&#8243;][vc_row_inner][vc_column_inner css=&#8221;.vc_custom_1545816757842{padding-top: 0px !important;}&#8221; offset=&#8221;vc_col-lg-9 vc_col-md-9&#8243;][ct_heading text=&#8221;\u0625\u062a\u062e\u0630 \u0642\u0631\u0627\u0631\u0643\u060c \u0648\u0642\u0645 \u0628\u0643\u0644 \u0645\u0627 \u064a\u0644\u0632\u0645 \u0644\u062a\u0639\u0643\u0633 \u062c\u0627\u0630\u0628\u064a\u062a\u0643 \u062a\u0648\u0627\u0635\u0644 \u0645\u0639 \u0623\u0637\u0628\u0627\u0626\u0646\u0627 \u0648 \u0627\u062d\u062c\u0632 \u0645\u0648\u0639\u062f&#8221; align_lg=&#8221;align-center&#8221; align_md=&#8221;align-center-md&#8221; align_sm=&#8221;align-center-sm&#8221; align_xs=&#8221;align-center-xs&#8221; font_size_xs=&#8221;26&#8243; font_weight=&#8221;&#8221; description_font_weight=&#8221;inherit&#8221;][\/vc_column_inner][vc_column_inner width=&#8221;1\/4&#8243; css=&#8221;.vc_custom_1545816763346{padding-top: 0px !important;}&#8221;][\/vc_column_inner][\/vc_row_inner][vc_empty_space height=&#8221;20&#8243;][vc_row_inner][vc_column_inner width=&#8221;7\/12&#8243;][vc_empty_space height=&#8221;21&#8243;][vc_column_text css=&#8221;.vc_custom_1600937214247{margin-bottom: 9px !important;}&#8221;]&#8230;<\/p>\n","protected":false},"author":1,"featured_media":0,"parent":0,"menu_order":0,"comment_status":"closed","ping_status":"closed","template":"","meta":{"footnotes":""},"class_list":["post-3562","page","type-page","status-publish","hentry"],"yoast_head":"<!-- This site is optimized with the Yoast SEO plugin v27.3 - https:\/\/yoast.com\/product\/yoast-seo-wordpress\/ -->\n<title>\u0625\u062a\u0635\u0644 \u0628\u0646\u0627 - Healing Clinic Turkey<\/title>\n<meta name=\"robots\" content=\"index, follow, max-snippet:-1, max-image-preview:large, max-video-preview:-1\" \/>\n<link rel=\"canonical\" href=\"https:\/\/healingclinicturkey.com\/ar\/\u0625\u062a\u0635\u0644-\u0628\u0646\u0627\/\" \/>\n<meta property=\"og:locale\" content=\"ar_AR\" \/>\n<meta property=\"og:type\" content=\"article\" \/>\n<meta property=\"og:title\" content=\"\u0625\u062a\u0635\u0644 \u0628\u0646\u0627 - Healing Clinic Turkey\" \/>\n<meta property=\"og:description\" content=\"[vc_row css=&#8221;.vc_custom_1545816911406{padding-right: 15px !important;padding-left: 15px !important;}&#8221;][vc_column ct_column_class=&#8221;rm-padding-sm&#8221; el_class=&#8221;col-boxshadow&#8221; css=&#8221;.vc_custom_1545897722938{padding-top: 0px !important;padding-right: 70px !important;padding-left: 70px !important;}&#8221;][ct_space space_lg=&#8221;70&#8243; space_md=&#8221;70&#8243; space_sm=&#8221;70&#8243; space_xs=&#8221;30&#8243;][vc_row_inner][vc_column_inner css=&#8221;.vc_custom_1545816757842{padding-top: 0px !important;}&#8221; offset=&#8221;vc_col-lg-9 vc_col-md-9&#8243;][ct_heading text=&#8221;\u0625\u062a\u062e\u0630 \u0642\u0631\u0627\u0631\u0643\u060c \u0648\u0642\u0645 \u0628\u0643\u0644 \u0645\u0627 \u064a\u0644\u0632\u0645 \u0644\u062a\u0639\u0643\u0633 \u062c\u0627\u0630\u0628\u064a\u062a\u0643 \u062a\u0648\u0627\u0635\u0644 \u0645\u0639 \u0623\u0637\u0628\u0627\u0626\u0646\u0627 \u0648 \u0627\u062d\u062c\u0632 \u0645\u0648\u0639\u062f&#8221; align_lg=&#8221;align-center&#8221; align_md=&#8221;align-center-md&#8221; align_sm=&#8221;align-center-sm&#8221; align_xs=&#8221;align-center-xs&#8221; font_size_xs=&#8221;26&#8243; font_weight=&#8221;&#8221; description_font_weight=&#8221;inherit&#8221;][\/vc_column_inner][vc_column_inner width=&#8221;1\/4&#8243; css=&#8221;.vc_custom_1545816763346{padding-top: 0px !important;}&#8221;][\/vc_column_inner][\/vc_row_inner][vc_empty_space height=&#8221;20&#8243;][vc_row_inner][vc_column_inner width=&#8221;7\/12&#8243;][vc_empty_space height=&#8221;21&#8243;][vc_column_text css=&#8221;.vc_custom_1600937214247{margin-bottom: 9px !important;}&#8221;]...\" \/>\n<meta property=\"og:url\" content=\"https:\/\/healingclinicturkey.com\/ar\/\u0625\u062a\u0635\u0644-\u0628\u0646\u0627\/\" \/>\n<meta property=\"og:site_name\" content=\"Healing Clinic Turkey\" \/>\n<meta property=\"article:modified_time\" content=\"2024-07-17T18:12:41+00:00\" \/>\n<meta name=\"twitter:card\" content=\"summary_large_image\" \/>\n<meta name=\"twitter:label1\" content=\"\u0648\u0642\u062a \u0627\u0644\u0642\u0631\u0627\u0621\u0629 \u0627\u0644\u0645\u064f\u0642\u062f\u0651\u0631\" \/>\n\t<meta name=\"twitter:data1\" content=\"1 \u062f\u0642\u064a\u0642\u0629\" \/>\n<script type=\"application\/ld+json\" class=\"yoast-schema-graph\">{\"@context\":\"https:\\\/\\\/schema.org\",\"@graph\":[{\"@type\":\"WebPage\",\"@id\":\"https:\\\/\\\/healingclinicturkey.com\\\/ar\\\/%d8%a5%d8%aa%d8%b5%d9%84-%d8%a8%d9%86%d8%a7\\\/\",\"url\":\"https:\\\/\\\/healingclinicturkey.com\\\/ar\\\/%d8%a5%d8%aa%d8%b5%d9%84-%d8%a8%d9%86%d8%a7\\\/\",\"name\":\"\u0625\u062a\u0635\u0644 \u0628\u0646\u0627 - Healing Clinic Turkey\",\"isPartOf\":{\"@id\":\"https:\\\/\\\/healingclinicturkey.com\\\/#website\"},\"datePublished\":\"2020-09-21T22:12:55+00:00\",\"dateModified\":\"2024-07-17T18:12:41+00:00\",\"breadcrumb\":{\"@id\":\"https:\\\/\\\/healingclinicturkey.com\\\/ar\\\/%d8%a5%d8%aa%d8%b5%d9%84-%d8%a8%d9%86%d8%a7\\\/#breadcrumb\"},\"inLanguage\":\"ar\",\"potentialAction\":[{\"@type\":\"ReadAction\",\"target\":[\"https:\\\/\\\/healingclinicturkey.com\\\/ar\\\/%d8%a5%d8%aa%d8%b5%d9%84-%d8%a8%d9%86%d8%a7\\\/\"]}]},{\"@type\":\"BreadcrumbList\",\"@id\":\"https:\\\/\\\/healingclinicturkey.com\\\/ar\\\/%d8%a5%d8%aa%d8%b5%d9%84-%d8%a8%d9%86%d8%a7\\\/#breadcrumb\",\"itemListElement\":[{\"@type\":\"ListItem\",\"position\":1,\"name\":\"Home\",\"item\":\"https:\\\/\\\/healingclinicturkey.com\\\/ar\\\/\"},{\"@type\":\"ListItem\",\"position\":2,\"name\":\"\u0625\u062a\u0635\u0644 \u0628\u0646\u0627\"}]},{\"@type\":\"WebSite\",\"@id\":\"https:\\\/\\\/healingclinicturkey.com\\\/#website\",\"url\":\"https:\\\/\\\/healingclinicturkey.com\\\/\",\"name\":\"Healing Clinic Turkey\",\"description\":\"\",\"publisher\":{\"@id\":\"https:\\\/\\\/healingclinicturkey.com\\\/#organization\"},\"potentialAction\":[{\"@type\":\"SearchAction\",\"target\":{\"@type\":\"EntryPoint\",\"urlTemplate\":\"https:\\\/\\\/healingclinicturkey.com\\\/?s={search_term_string}\"},\"query-input\":{\"@type\":\"PropertyValueSpecification\",\"valueRequired\":true,\"valueName\":\"search_term_string\"}}],\"inLanguage\":\"ar\"},{\"@type\":\"Organization\",\"@id\":\"https:\\\/\\\/healingclinicturkey.com\\\/#organization\",\"name\":\"Healing Clinic\",\"url\":\"https:\\\/\\\/healingclinicturkey.com\\\/\",\"logo\":{\"@type\":\"ImageObject\",\"inLanguage\":\"ar\",\"@id\":\"https:\\\/\\\/healingclinicturkey.com\\\/#\\\/schema\\\/logo\\\/image\\\/\",\"url\":\"https:\\\/\\\/healingclinicturkey.com\\\/wp-content\\\/uploads\\\/2024\\\/06\\\/HealingFinalLogo500x500.png\",\"contentUrl\":\"https:\\\/\\\/healingclinicturkey.com\\\/wp-content\\\/uploads\\\/2024\\\/06\\\/HealingFinalLogo500x500.png\",\"width\":500,\"height\":500,\"caption\":\"Healing Clinic\"},\"image\":{\"@id\":\"https:\\\/\\\/healingclinicturkey.com\\\/#\\\/schema\\\/logo\\\/image\\\/\"}}]}<\/script>\n<!-- \/ Yoast SEO plugin. -->","yoast_head_json":{"title":"\u0625\u062a\u0635\u0644 \u0628\u0646\u0627 - Healing Clinic Turkey","robots":{"index":"index","follow":"follow","max-snippet":"max-snippet:-1","max-image-preview":"max-image-preview:large","max-video-preview":"max-video-preview:-1"},"canonical":"https:\/\/healingclinicturkey.com\/ar\/\u0625\u062a\u0635\u0644-\u0628\u0646\u0627\/","og_locale":"ar_AR","og_type":"article","og_title":"\u0625\u062a\u0635\u0644 \u0628\u0646\u0627 - Healing Clinic Turkey","og_description":"[vc_row css=&#8221;.vc_custom_1545816911406{padding-right: 15px !important;padding-left: 15px !important;}&#8221;][vc_column ct_column_class=&#8221;rm-padding-sm&#8221; el_class=&#8221;col-boxshadow&#8221; css=&#8221;.vc_custom_1545897722938{padding-top: 0px !important;padding-right: 70px !important;padding-left: 70px !important;}&#8221;][ct_space space_lg=&#8221;70&#8243; space_md=&#8221;70&#8243; space_sm=&#8221;70&#8243; space_xs=&#8221;30&#8243;][vc_row_inner][vc_column_inner css=&#8221;.vc_custom_1545816757842{padding-top: 0px !important;}&#8221; offset=&#8221;vc_col-lg-9 vc_col-md-9&#8243;][ct_heading text=&#8221;\u0625\u062a\u062e\u0630 \u0642\u0631\u0627\u0631\u0643\u060c \u0648\u0642\u0645 \u0628\u0643\u0644 \u0645\u0627 \u064a\u0644\u0632\u0645 \u0644\u062a\u0639\u0643\u0633 \u062c\u0627\u0630\u0628\u064a\u062a\u0643 \u062a\u0648\u0627\u0635\u0644 \u0645\u0639 \u0623\u0637\u0628\u0627\u0626\u0646\u0627 \u0648 \u0627\u062d\u062c\u0632 \u0645\u0648\u0639\u062f&#8221; align_lg=&#8221;align-center&#8221; align_md=&#8221;align-center-md&#8221; align_sm=&#8221;align-center-sm&#8221; align_xs=&#8221;align-center-xs&#8221; font_size_xs=&#8221;26&#8243; font_weight=&#8221;&#8221; description_font_weight=&#8221;inherit&#8221;][\/vc_column_inner][vc_column_inner width=&#8221;1\/4&#8243; css=&#8221;.vc_custom_1545816763346{padding-top: 0px !important;}&#8221;][\/vc_column_inner][\/vc_row_inner][vc_empty_space height=&#8221;20&#8243;][vc_row_inner][vc_column_inner width=&#8221;7\/12&#8243;][vc_empty_space height=&#8221;21&#8243;][vc_column_text css=&#8221;.vc_custom_1600937214247{margin-bottom: 9px !important;}&#8221;]...","og_url":"https:\/\/healingclinicturkey.com\/ar\/\u0625\u062a\u0635\u0644-\u0628\u0646\u0627\/","og_site_name":"Healing Clinic Turkey","article_modified_time":"2024-07-17T18:12:41+00:00","twitter_card":"summary_large_image","twitter_misc":{"\u0648\u0642\u062a \u0627\u0644\u0642\u0631\u0627\u0621\u0629 \u0627\u0644\u0645\u064f\u0642\u062f\u0651\u0631":"1 \u062f\u0642\u064a\u0642\u0629"},"schema":{"@context":"https:\/\/schema.org","@graph":[{"@type":"WebPage","@id":"https:\/\/healingclinicturkey.com\/ar\/%d8%a5%d8%aa%d8%b5%d9%84-%d8%a8%d9%86%d8%a7\/","url":"https:\/\/healingclinicturkey.com\/ar\/%d8%a5%d8%aa%d8%b5%d9%84-%d8%a8%d9%86%d8%a7\/","name":"\u0625\u062a\u0635\u0644 \u0628\u0646\u0627 - Healing Clinic Turkey","isPartOf":{"@id":"https:\/\/healingclinicturkey.com\/#website"},"datePublished":"2020-09-21T22:12:55+00:00","dateModified":"2024-07-17T18:12:41+00:00","breadcrumb":{"@id":"https:\/\/healingclinicturkey.com\/ar\/%d8%a5%d8%aa%d8%b5%d9%84-%d8%a8%d9%86%d8%a7\/#breadcrumb"},"inLanguage":"ar","potentialAction":[{"@type":"ReadAction","target":["https:\/\/healingclinicturkey.com\/ar\/%d8%a5%d8%aa%d8%b5%d9%84-%d8%a8%d9%86%d8%a7\/"]}]},{"@type":"BreadcrumbList","@id":"https:\/\/healingclinicturkey.com\/ar\/%d8%a5%d8%aa%d8%b5%d9%84-%d8%a8%d9%86%d8%a7\/#breadcrumb","itemListElement":[{"@type":"ListItem","position":1,"name":"Home","item":"https:\/\/healingclinicturkey.com\/ar\/"},{"@type":"ListItem","position":2,"name":"\u0625\u062a\u0635\u0644 \u0628\u0646\u0627"}]},{"@type":"WebSite","@id":"https:\/\/healingclinicturkey.com\/#website","url":"https:\/\/healingclinicturkey.com\/","name":"Healing Clinic Turkey","description":"","publisher":{"@id":"https:\/\/healingclinicturkey.com\/#organization"},"potentialAction":[{"@type":"SearchAction","target":{"@type":"EntryPoint","urlTemplate":"https:\/\/healingclinicturkey.com\/?s={search_term_string}"},"query-input":{"@type":"PropertyValueSpecification","valueRequired":true,"valueName":"search_term_string"}}],"inLanguage":"ar"},{"@type":"Organization","@id":"https:\/\/healingclinicturkey.com\/#organization","name":"Healing Clinic","url":"https:\/\/healingclinicturkey.com\/","logo":{"@type":"ImageObject","inLanguage":"ar","@id":"https:\/\/healingclinicturkey.com\/#\/schema\/logo\/image\/","url":"https:\/\/healingclinicturkey.com\/wp-content\/uploads\/2024\/06\/HealingFinalLogo500x500.png","contentUrl":"https:\/\/healingclinicturkey.com\/wp-content\/uploads\/2024\/06\/HealingFinalLogo500x500.png","width":500,"height":500,"caption":"Healing Clinic"},"image":{"@id":"https:\/\/healingclinicturkey.com\/#\/schema\/logo\/image\/"}}]}},"_links":{"self":[{"href":"https:\/\/healingclinicturkey.com\/ar\/wp-json\/wp\/v2\/pages\/3562","targetHints":{"allow":["GET"]}}],"collection":[{"href":"https:\/\/healingclinicturkey.com\/ar\/wp-json\/wp\/v2\/pages"}],"about":[{"href":"https:\/\/healingclinicturkey.com\/ar\/wp-json\/wp\/v2\/types\/page"}],"author":[{"embeddable":true,"href":"https:\/\/healingclinicturkey.com\/ar\/wp-json\/wp\/v2\/users\/1"}],"replies":[{"embeddable":true,"href":"https:\/\/healingclinicturkey.com\/ar\/wp-json\/wp\/v2\/comments?post=3562"}],"version-history":[{"count":7,"href":"https:\/\/healingclinicturkey.com\/ar\/wp-json\/wp\/v2\/pages\/3562\/revisions"}],"predecessor-version":[{"id":10704,"href":"https:\/\/healingclinicturkey.com\/ar\/wp-json\/wp\/v2\/pages\/3562\/revisions\/10704"}],"wp:attachment":[{"href":"https:\/\/healingclinicturkey.com\/ar\/wp-json\/wp\/v2\/media?parent=3562"}],"curies":[{"name":"wp","href":"https:\/\/api.w.org\/{rel}","templated":true}]}}