{"id":8381,"date":"2020-09-21T22:30:39","date_gmt":"2020-09-21T22:30:39","guid":{"rendered":"https:\/\/healingclinicturkey.com\/our-services\/"},"modified":"2024-09-07T17:33:49","modified_gmt":"2024-09-07T14:33:49","slug":"our-services","status":"publish","type":"page","link":"https:\/\/healingclinicturkey.com\/es\/our-services\/","title":{"rendered":"Nuestros servicios"},"content":{"rendered":"<div class=\"wpb-content-wrapper\"><p>[vc_row full_width=&#8221;stretch_row&#8221; el_id=&#8221;services&#8221;][vc_column css=&#8221;.vc_custom_1560254936797{padding-top: 110px !important;padding-bottom: 85px !important;}&#8221;][vc_row_inner][vc_column_inner width=&#8221;1\/2&#8243;][ct_heading text=&#8221;Brindaremos el mejor servicio para mantener <cite>Nuestros logros<\/cite>&#8221; font_weight=&#8221;&#8221; subtitle=&#8221;Servicios&#8221; description_font_weight=&#8221;inherit&#8221; margin_bottom=&#8221;0&#8243;][\/vc_column_inner][vc_column_inner width=&#8221;1\/2&#8243;][vc_column_text css=&#8221;.vc_custom_1649213697680{margin-bottom: 0px !important;}&#8221; text_style=&#8221;text-block1&#8243;]Gracias por elegir Healing Clinic, a continuaci\u00f3n puede encontrar una breve descripci\u00f3n de nuestros servicios y puede hacer clic en \u00e9l para ver m\u00e1s servicios relacionados.[\/vc_column_text][\/vc_column_inner][\/vc_row_inner][vc_row_inner css=&#8221;.vc_custom_1725699097882{margin-bottom: 30px !important;}&#8221;][vc_column_inner width=&#8221;1\/2&#8243; css=&#8221;.vc_custom_1725707892601{padding-top: 30px !important;}&#8221; animation_column=&#8221;none&#8221;][ct_fancybox cms_template=&#8221;ct_fancybox&#8211;layout2.php&#8221; icon_type=&#8221;image&#8221; icon_image=&#8221;2931&#8243; icon_image_hover=&#8221;2931&#8243; link_item=&#8221;url:%2Fes%2Fservicios-de-injerto-capilar%2F|title:Servicios%20de%20injerto%20capilar&#8221; title=&#8221;Servicios de injerto capilar<br \/>\n&#8221; description=&#8221;Las mechas resaltan la belleza tanto en hombres como en mujeres. Perdemos naturalmente m\u00e1s de 100 cabellos al d\u00eda, llegando a 200 si no se cuidan adecuadamente.&#8221; animation=&#8221;fadeIn&#8221;][\/vc_column_inner][vc_column_inner width=&#8221;1\/2&#8243; css=&#8221;.vc_custom_1725702310332{padding-top: 30px !important;}&#8221;][ct_fancybox cms_template=&#8221;ct_fancybox&#8211;layout2.php&#8221; icon_type=&#8221;image&#8221; icon_image=&#8221;2252&#8243; icon_image_hover=&#8221;2252&#8243; link_item=&#8221;url:%2Fes%2Foperaciones-esteticas%2F|title:Operaciones%20est%C3%A9ticas&#8221; title=&#8221;Operaciones est\u00e9ticas&#8221; description=&#8221;La cirug\u00eda pl\u00e1stica corrige los problemas faciales y corporales, realzando la belleza natural. Aunque antes no era necesaria, ahora es esencial para muchos. A\u00fan existen conceptos err\u00f3neos sobre sus beneficios.&#8221; animation=&#8221;fadeIn&#8221;][\/vc_column_inner][\/vc_row_inner][vc_row_inner css=&#8221;.vc_custom_1725699097882{margin-bottom: 30px !important;}&#8221;][vc_column_inner width=&#8221;1\/2&#8243; css=&#8221;.vc_custom_1725707904482{padding-top: 30px !important;}&#8221; animation_column=&#8221;none&#8221;][ct_fancybox cms_template=&#8221;ct_fancybox&#8211;layout2.php&#8221; icon_type=&#8221;image&#8221; icon_image=&#8221;2953&#8243; icon_image_hover=&#8221;2953&#8243; link_item=&#8221;url:%2Fes%2Flos-dientes%2F|title:Los%20Dientes&#8221; title=&#8221;Los Dientes&#8221; description=&#8221;La odontolog\u00eda cosm\u00e9tica es vital para una sonrisa hermosa. Healing Clinic te conecta con los mejores centros que ofrecen servicios dentales quir\u00fargicos y no quir\u00fargicos de alta calidad.&#8221; animation=&#8221;fadeIn&#8221;][\/vc_column_inner][vc_column_inner width=&#8221;1\/2&#8243; css=&#8221;.vc_custom_1725702310332{padding-top: 30px !important;}&#8221;][ct_fancybox cms_template=&#8221;ct_fancybox&#8211;layout2.php&#8221; icon_type=&#8221;image&#8221; icon_image=&#8221;8909&#8243; icon_image_hover=&#8221;8909&#8243; link_item=&#8221;url:%2Fes%2Fcirugias-de-obesidad%2F|title:Cirug%C3%ADas%20de%20obesidad&#8221; title=&#8221;Cirug\u00edas de obesidad&#8221; description=&#8221;Botox ahora trata trastornos oculares, digestivos, urinarios, musculoesquel\u00e9ticos y cut\u00e1neos. Los estudios muestran que el Botox estomacal ayuda con la obesidad cuando la dieta y el ejercicio no son suficientes.&#8221; animation=&#8221;fadeIn&#8221;][\/vc_column_inner][\/vc_row_inner][\/vc_column][\/vc_row][vc_row el_id=&#8221;blog&#8221;][vc_column css=&#8221;.vc_custom_1557819325341{padding-top: 113px !important;padding-bottom: 90px !important;}&#8221;][vc_row_inner][vc_column_inner width=&#8221;1\/6&#8243; css=&#8221;.vc_custom_1557818160081{padding-top: 0px !important;}&#8221;][\/vc_column_inner][vc_column_inner width=&#8221;2\/3&#8243; ct_column_inner_class=&#8221;rm-padding-lg&#8221; css=&#8221;.vc_custom_1557819371641{padding-top: 0px !important;padding-right: 90px !important;padding-bottom: 32px !important;padding-left: 90px !important;}&#8221;][ct_heading text=&#8221;Explore nuestros temas para obtener m\u00e1s informaci\u00f3n sobre el servicio adecuado para usted.&#8221; align_lg=&#8221;align-center&#8221; align_md=&#8221;align-center-md&#8221; align_sm=&#8221;align-center-sm&#8221; align_xs=&#8221;align-center-xs&#8221; font_weight=&#8221;&#8221; subtitle=&#8221;\u00daltimos temas&#8221; description_color=&#8221;#191514&#8243; description_font_weight=&#8221;inherit&#8221; margin_bottom=&#8221;21&#8243;][\/vc_column_inner][vc_column_inner width=&#8221;1\/6&#8243; css=&#8221;.vc_custom_1557818165320{padding-top: 0px !important;}&#8221;][\/vc_column_inner][\/vc_row_inner][ct_blog_carousel cms_template=&#8221;ct_blog_carousel&#8211;layout2.php&#8221; col_xs=&#8221;1&#8243; col_sm=&#8221;2&#8243; col_md=&#8221;3&#8243; col_lg=&#8221;3&#8243; col_xl=&#8221;3&#8243; loop=&#8221;true&#8221; autoplay=&#8221;true&#8221; arrows=&#8221;true&#8221; bullets=&#8221;true&#8221;][\/vc_column][\/vc_row][vc_row][vc_column css=&#8221;.vc_custom_1560256320214{padding-top: 27px !important;padding-bottom: 115px !important;}&#8221;][vc_row_inner css=&#8221;.vc_custom_1559614662148{padding-bottom: 52px !important;}&#8221;][vc_column_inner width=&#8221;1\/4&#8243; css=&#8221;.vc_custom_1560256400316{padding-top: 0px !important;}&#8221;][\/vc_column_inner][vc_column_inner width=&#8221;1\/2&#8243; ct_column_inner_class=&#8221;rm-padding-lg&#8221; css=&#8221;.vc_custom_1559614051124{padding-top: 0px !important;padding-right: 30px !important;padding-bottom: 0px !important;padding-left: 30px !important;}&#8221;][ct_heading text=&#8221;Bienvenido al mundo de <cite>Healing Clinic<\/cite>&#8221; align_lg=&#8221;align-center&#8221; align_md=&#8221;align-center-md&#8221; align_sm=&#8221;align-center-sm&#8221; align_xs=&#8221;align-center-xs&#8221; font_size_sm=&#8221;24&#8243; font_size_xs=&#8221;24&#8243; font_weight=&#8221;&#8221; description_font_weight=&#8221;inherit&#8221; margin_bottom=&#8221;0&#8243; animation=&#8221;none&#8221;][\/vc_column_inner][vc_column_inner width=&#8221;1\/4&#8243; css=&#8221;.vc_custom_1559614057957{padding-top: 0px !important;}&#8221;][\/vc_column_inner][\/vc_row_inner][vc_row_inner][vc_column_inner width=&#8221;1\/2&#8243; css=&#8221;.vc_custom_1560256404990{padding-top: 0px !important;}&#8221;][ct_contact_form id=&#8221;1068&#8243; styles=&#8221;style2&#8243;][\/vc_column_inner][vc_column_inner width=&#8221;1\/2&#8243; ct_column_inner_class=&#8221;rm-padding-lg&#8221; css=&#8221;.vc_custom_1560256439978{padding-top: 0px !important;padding-right: 40px !important;padding-left: 40px !important;}&#8221;][vc_column_text]<\/p>\n<div id=\"ct-heading-3\" class=\"ct-heading style1 align-left align-left-md align-left-sm align-left-xs \">\n<h3 class=\"ct-heading-tag \" style=\"direction: rtl;\">\u00bfPor qu\u00e9 eligirnos ?<\/h3>\n<\/div>\n<p style=\"direction: rtl;\">Healing Clinic es la MEJOR<\/p>\n<div class=\"wpb_text_column wpb_content_element \">\n<div class=\"wpb_wrapper\">\n<div class=\"wpb_text_column wpb_content_element vc_custom_1596655459365 text-block1\">\n<div class=\"wpb_wrapper\">\n<p style=\"direction: rtl;\">Healing Clinic ofrece un ambiente confortable con una excelente experiencia en la industria de la belleza.<\/p>\n<\/div>\n<\/div>\n<\/div>\n<\/div>\n<p>[\/vc_column_text][vc_column_text]\u2714 La salud y la seguridad son nuestro primer objetivo.<\/p>\n<p>\u2714Garantimus su satisfacci\u00f3n<\/p>\n<p>\u2714 Cumplimos con sus expectativas<\/p>\n<p>\u2714 Garantizamos su privacidad[\/vc_column_text][\/vc_column_inner][\/vc_row_inner][\/vc_column][\/vc_row]<\/p>\n<\/div>","protected":false},"excerpt":{"rendered":"<p>[vc_row full_width=&#8221;stretch_row&#8221; el_id=&#8221;services&#8221;][vc_column css=&#8221;.vc_custom_1560254936797{padding-top: 110px !important;padding-bottom: 85px !important;}&#8221;][vc_row_inner][vc_column_inner width=&#8221;1\/2&#8243;][ct_heading text=&#8221;Brindaremos el mejor servicio para mantener Nuestros logros&#8221; font_weight=&#8221;&#8221; subtitle=&#8221;Servicios&#8221; description_font_weight=&#8221;inherit&#8221; margin_bottom=&#8221;0&#8243;][\/vc_column_inner][vc_column_inner width=&#8221;1\/2&#8243;][vc_column_text css=&#8221;.vc_custom_1649213697680{margin-bottom: 0px !important;}&#8221; text_style=&#8221;text-block1&#8243;]Gracias por elegir Healing Clinic, a continuaci\u00f3n puede encontrar una breve descripci\u00f3n de nuestros servicios y puede hacer clic en \u00e9l para ver m\u00e1s servicios relacionados.[\/vc_column_text][\/vc_column_inner][\/vc_row_inner][vc_row_inner css=&#8221;.vc_custom_1725699097882{margin-bottom: 30px !important;}&#8221;][vc_column_inner width=&#8221;1\/2&#8243;&#8230;<\/p>\n","protected":false},"author":1,"featured_media":0,"parent":0,"menu_order":0,"comment_status":"closed","ping_status":"closed","template":"","meta":{"footnotes":""},"class_list":["post-8381","page","type-page","status-publish","hentry"],"yoast_head":"<!-- This site is optimized with the Yoast SEO plugin v27.3 - https:\/\/yoast.com\/product\/yoast-seo-wordpress\/ -->\n<title>Nuestros servicios - Healing Clinic Turkey<\/title>\n<meta name=\"robots\" content=\"index, follow, max-snippet:-1, max-image-preview:large, max-video-preview:-1\" \/>\n<link rel=\"canonical\" href=\"https:\/\/healingclinicturkey.com\/es\/our-services\/\" \/>\n<meta property=\"og:locale\" content=\"es_ES\" \/>\n<meta property=\"og:type\" content=\"article\" \/>\n<meta property=\"og:title\" content=\"Nuestros servicios - Healing Clinic Turkey\" \/>\n<meta property=\"og:description\" content=\"[vc_row full_width=&#8221;stretch_row&#8221; el_id=&#8221;services&#8221;][vc_column css=&#8221;.vc_custom_1560254936797{padding-top: 110px !important;padding-bottom: 85px !important;}&#8221;][vc_row_inner][vc_column_inner width=&#8221;1\/2&#8243;][ct_heading text=&#8221;Brindaremos el mejor servicio para mantener Nuestros logros&#8221; font_weight=&#8221;&#8221; subtitle=&#8221;Servicios&#8221; description_font_weight=&#8221;inherit&#8221; margin_bottom=&#8221;0&#8243;][\/vc_column_inner][vc_column_inner width=&#8221;1\/2&#8243;][vc_column_text css=&#8221;.vc_custom_1649213697680{margin-bottom: 0px !important;}&#8221; text_style=&#8221;text-block1&#8243;]Gracias por elegir Healing Clinic, a continuaci\u00f3n puede encontrar una breve descripci\u00f3n de nuestros servicios y puede hacer clic en \u00e9l para ver m\u00e1s servicios relacionados.[\/vc_column_text][\/vc_column_inner][\/vc_row_inner][vc_row_inner css=&#8221;.vc_custom_1725699097882{margin-bottom: 30px !important;}&#8221;][vc_column_inner width=&#8221;1\/2&#8243;...\" \/>\n<meta property=\"og:url\" content=\"https:\/\/healingclinicturkey.com\/es\/our-services\/\" \/>\n<meta property=\"og:site_name\" content=\"Healing Clinic Turkey\" \/>\n<meta property=\"article:modified_time\" content=\"2024-09-07T14:33:49+00:00\" \/>\n<meta name=\"twitter:card\" content=\"summary_large_image\" \/>\n<meta name=\"twitter:label1\" content=\"Tiempo de lectura\" \/>\n\t<meta name=\"twitter:data1\" content=\"4 minutos\" \/>\n<script type=\"application\/ld+json\" class=\"yoast-schema-graph\">{\"@context\":\"https:\\\/\\\/schema.org\",\"@graph\":[{\"@type\":\"WebPage\",\"@id\":\"https:\\\/\\\/healingclinicturkey.com\\\/es\\\/our-services\\\/\",\"url\":\"https:\\\/\\\/healingclinicturkey.com\\\/es\\\/our-services\\\/\",\"name\":\"Nuestros servicios - Healing Clinic Turkey\",\"isPartOf\":{\"@id\":\"https:\\\/\\\/healingclinicturkey.com\\\/#website\"},\"datePublished\":\"2020-09-21T22:30:39+00:00\",\"dateModified\":\"2024-09-07T14:33:49+00:00\",\"breadcrumb\":{\"@id\":\"https:\\\/\\\/healingclinicturkey.com\\\/es\\\/our-services\\\/#breadcrumb\"},\"inLanguage\":\"es\",\"potentialAction\":[{\"@type\":\"ReadAction\",\"target\":[\"https:\\\/\\\/healingclinicturkey.com\\\/es\\\/our-services\\\/\"]}]},{\"@type\":\"BreadcrumbList\",\"@id\":\"https:\\\/\\\/healingclinicturkey.com\\\/es\\\/our-services\\\/#breadcrumb\",\"itemListElement\":[{\"@type\":\"ListItem\",\"position\":1,\"name\":\"Home\",\"item\":\"https:\\\/\\\/healingclinicturkey.com\\\/es\\\/\"},{\"@type\":\"ListItem\",\"position\":2,\"name\":\"Nuestros servicios\"}]},{\"@type\":\"WebSite\",\"@id\":\"https:\\\/\\\/healingclinicturkey.com\\\/#website\",\"url\":\"https:\\\/\\\/healingclinicturkey.com\\\/\",\"name\":\"Healing Clinic Turkey\",\"description\":\"\",\"publisher\":{\"@id\":\"https:\\\/\\\/healingclinicturkey.com\\\/#organization\"},\"potentialAction\":[{\"@type\":\"SearchAction\",\"target\":{\"@type\":\"EntryPoint\",\"urlTemplate\":\"https:\\\/\\\/healingclinicturkey.com\\\/?s={search_term_string}\"},\"query-input\":{\"@type\":\"PropertyValueSpecification\",\"valueRequired\":true,\"valueName\":\"search_term_string\"}}],\"inLanguage\":\"es\"},{\"@type\":\"Organization\",\"@id\":\"https:\\\/\\\/healingclinicturkey.com\\\/#organization\",\"name\":\"Healing Clinic\",\"url\":\"https:\\\/\\\/healingclinicturkey.com\\\/\",\"logo\":{\"@type\":\"ImageObject\",\"inLanguage\":\"es\",\"@id\":\"https:\\\/\\\/healingclinicturkey.com\\\/#\\\/schema\\\/logo\\\/image\\\/\",\"url\":\"https:\\\/\\\/healingclinicturkey.com\\\/wp-content\\\/uploads\\\/2024\\\/06\\\/HealingFinalLogo500x500.png\",\"contentUrl\":\"https:\\\/\\\/healingclinicturkey.com\\\/wp-content\\\/uploads\\\/2024\\\/06\\\/HealingFinalLogo500x500.png\",\"width\":500,\"height\":500,\"caption\":\"Healing Clinic\"},\"image\":{\"@id\":\"https:\\\/\\\/healingclinicturkey.com\\\/#\\\/schema\\\/logo\\\/image\\\/\"}}]}<\/script>\n<!-- \/ Yoast SEO plugin. -->","yoast_head_json":{"title":"Nuestros servicios - Healing Clinic Turkey","robots":{"index":"index","follow":"follow","max-snippet":"max-snippet:-1","max-image-preview":"max-image-preview:large","max-video-preview":"max-video-preview:-1"},"canonical":"https:\/\/healingclinicturkey.com\/es\/our-services\/","og_locale":"es_ES","og_type":"article","og_title":"Nuestros servicios - Healing Clinic Turkey","og_description":"[vc_row full_width=&#8221;stretch_row&#8221; el_id=&#8221;services&#8221;][vc_column css=&#8221;.vc_custom_1560254936797{padding-top: 110px !important;padding-bottom: 85px !important;}&#8221;][vc_row_inner][vc_column_inner width=&#8221;1\/2&#8243;][ct_heading text=&#8221;Brindaremos el mejor servicio para mantener Nuestros logros&#8221; font_weight=&#8221;&#8221; subtitle=&#8221;Servicios&#8221; description_font_weight=&#8221;inherit&#8221; margin_bottom=&#8221;0&#8243;][\/vc_column_inner][vc_column_inner width=&#8221;1\/2&#8243;][vc_column_text css=&#8221;.vc_custom_1649213697680{margin-bottom: 0px !important;}&#8221; text_style=&#8221;text-block1&#8243;]Gracias por elegir Healing Clinic, a continuaci\u00f3n puede encontrar una breve descripci\u00f3n de nuestros servicios y puede hacer clic en \u00e9l para ver m\u00e1s servicios relacionados.[\/vc_column_text][\/vc_column_inner][\/vc_row_inner][vc_row_inner css=&#8221;.vc_custom_1725699097882{margin-bottom: 30px !important;}&#8221;][vc_column_inner width=&#8221;1\/2&#8243;...","og_url":"https:\/\/healingclinicturkey.com\/es\/our-services\/","og_site_name":"Healing Clinic Turkey","article_modified_time":"2024-09-07T14:33:49+00:00","twitter_card":"summary_large_image","twitter_misc":{"Tiempo de lectura":"4 minutos"},"schema":{"@context":"https:\/\/schema.org","@graph":[{"@type":"WebPage","@id":"https:\/\/healingclinicturkey.com\/es\/our-services\/","url":"https:\/\/healingclinicturkey.com\/es\/our-services\/","name":"Nuestros servicios - Healing Clinic Turkey","isPartOf":{"@id":"https:\/\/healingclinicturkey.com\/#website"},"datePublished":"2020-09-21T22:30:39+00:00","dateModified":"2024-09-07T14:33:49+00:00","breadcrumb":{"@id":"https:\/\/healingclinicturkey.com\/es\/our-services\/#breadcrumb"},"inLanguage":"es","potentialAction":[{"@type":"ReadAction","target":["https:\/\/healingclinicturkey.com\/es\/our-services\/"]}]},{"@type":"BreadcrumbList","@id":"https:\/\/healingclinicturkey.com\/es\/our-services\/#breadcrumb","itemListElement":[{"@type":"ListItem","position":1,"name":"Home","item":"https:\/\/healingclinicturkey.com\/es\/"},{"@type":"ListItem","position":2,"name":"Nuestros servicios"}]},{"@type":"WebSite","@id":"https:\/\/healingclinicturkey.com\/#website","url":"https:\/\/healingclinicturkey.com\/","name":"Healing Clinic Turkey","description":"","publisher":{"@id":"https:\/\/healingclinicturkey.com\/#organization"},"potentialAction":[{"@type":"SearchAction","target":{"@type":"EntryPoint","urlTemplate":"https:\/\/healingclinicturkey.com\/?s={search_term_string}"},"query-input":{"@type":"PropertyValueSpecification","valueRequired":true,"valueName":"search_term_string"}}],"inLanguage":"es"},{"@type":"Organization","@id":"https:\/\/healingclinicturkey.com\/#organization","name":"Healing Clinic","url":"https:\/\/healingclinicturkey.com\/","logo":{"@type":"ImageObject","inLanguage":"es","@id":"https:\/\/healingclinicturkey.com\/#\/schema\/logo\/image\/","url":"https:\/\/healingclinicturkey.com\/wp-content\/uploads\/2024\/06\/HealingFinalLogo500x500.png","contentUrl":"https:\/\/healingclinicturkey.com\/wp-content\/uploads\/2024\/06\/HealingFinalLogo500x500.png","width":500,"height":500,"caption":"Healing Clinic"},"image":{"@id":"https:\/\/healingclinicturkey.com\/#\/schema\/logo\/image\/"}}]}},"_links":{"self":[{"href":"https:\/\/healingclinicturkey.com\/es\/wp-json\/wp\/v2\/pages\/8381","targetHints":{"allow":["GET"]}}],"collection":[{"href":"https:\/\/healingclinicturkey.com\/es\/wp-json\/wp\/v2\/pages"}],"about":[{"href":"https:\/\/healingclinicturkey.com\/es\/wp-json\/wp\/v2\/types\/page"}],"author":[{"embeddable":true,"href":"https:\/\/healingclinicturkey.com\/es\/wp-json\/wp\/v2\/users\/1"}],"replies":[{"embeddable":true,"href":"https:\/\/healingclinicturkey.com\/es\/wp-json\/wp\/v2\/comments?post=8381"}],"version-history":[{"count":5,"href":"https:\/\/healingclinicturkey.com\/es\/wp-json\/wp\/v2\/pages\/8381\/revisions"}],"predecessor-version":[{"id":10804,"href":"https:\/\/healingclinicturkey.com\/es\/wp-json\/wp\/v2\/pages\/8381\/revisions\/10804"}],"wp:attachment":[{"href":"https:\/\/healingclinicturkey.com\/es\/wp-json\/wp\/v2\/media?parent=8381"}],"curies":[{"name":"wp","href":"https:\/\/api.w.org\/{rel}","templated":true}]}}