{"id":8392,"date":"2020-11-12T23:25:00","date_gmt":"2020-11-12T23:25:00","guid":{"rendered":"https:\/\/healingclinicturkey.com\/%d9%85%d8%b9%d8%b1%d8%b6-%d8%a7%d9%84%d8%b5%d9%88%d8%b1\/"},"modified":"2025-08-30T10:31:59","modified_gmt":"2025-08-30T07:31:59","slug":"galeria","status":"publish","type":"page","link":"https:\/\/healingclinicturkey.com\/es\/galeria\/","title":{"rendered":"Galer\u00eda"},"content":{"rendered":"<div class=\"wpb-content-wrapper\"><p>[vc_row][vc_column width=&#8221;1\/2&#8243;][ct_heading text=&#8221;Momentos inolvidables del jurado de un concurso de belleza&#8221; font_weight=&#8221;&#8221; description=&#8221;\u00bfAlguna vez te has preguntado qu\u00e9 sucede tras bambalinas en un concurso de belleza? En este video, te acompa\u00f1amos en nuestra experiencia como jueces.<br \/>\nTe mostraremos la emoci\u00f3n, los desaf\u00edos y las dif\u00edciles decisiones que enfrentamos para coronar a la concursante m\u00e1s bella y talentosa.&#8221; description_font_weight=&#8221;inherit&#8221;][ct_space space_lg=&#8221;50&#8243; space_md=&#8221;50&#8243; space_sm=&#8221;50&#8243; space_xs=&#8221;50&#8243;][\/vc_column][vc_column width=&#8221;1\/2&#8243;][vc_column_text css=&#8221;&#8221;]<\/p>\n<div style=\"width: 464px;\" class=\"wp-video\"><video class=\"wp-video-shortcode\" id=\"video-8392-1\" width=\"464\" height=\"848\" preload=\"metadata\" controls=\"controls\"><source type=\"video\/mp4\" src=\"https:\/\/healingclinicturkey.com\/wp-content\/uploads\/2025\/08\/queen.mp4?_=1\" \/><a href=\"https:\/\/healingclinicturkey.com\/wp-content\/uploads\/2025\/08\/queen.mp4\">https:\/\/healingclinicturkey.com\/wp-content\/uploads\/2025\/08\/queen.mp4<\/a><\/video><\/div>\n<p>[\/vc_column_text][\/vc_column][\/vc_row][vc_row][vc_column][ct_heading text=&#8221;Trasplante Capilar&#8221; align_lg=&#8221;align-center&#8221; align_md=&#8221;align-center-md&#8221; align_sm=&#8221;align-center-sm&#8221; align_xs=&#8221;align-center-xs&#8221; font_weight=&#8221;&#8221; description_font_weight=&#8221;inherit&#8221;][ct_space space_lg=&#8221;50&#8243; space_md=&#8221;50&#8243; space_sm=&#8221;50&#8243; space_xs=&#8221;50&#8243;][ct_gallery_carousel layout=&#8221;layout2&#8243; images=&#8221;9622,9618,9614,9610,9606,9602,9598,9594&#8243; col_xs=&#8221;1&#8243; col_sm=&#8221;2&#8243; col_md=&#8221;3&#8243; col_lg=&#8221;4&#8243; col_xl=&#8221;4&#8243; autoplay=&#8221;true&#8221; autoplay_timeout=&#8221;5000&#8243; arrows=&#8221;true&#8221; bullets=&#8221;true&#8221;][\/vc_column][\/vc_row][vc_row][vc_column][ct_space space_lg=&#8221;50&#8243; space_md=&#8221;50&#8243; space_sm=&#8221;50&#8243; space_xs=&#8221;50&#8243;][ct_heading text=&#8221;Operaciones Est\u00e9ticas&#8221; align_lg=&#8221;align-center&#8221; align_md=&#8221;align-center-md&#8221; align_sm=&#8221;align-center-sm&#8221; align_xs=&#8221;align-center-xs&#8221; font_weight=&#8221;&#8221; description_font_weight=&#8221;inherit&#8221;][ct_space space_lg=&#8221;50&#8243; space_md=&#8221;50&#8243; space_sm=&#8221;50&#8243; space_xs=&#8221;50&#8243;][ct_gallery_carousel layout=&#8221;layout2&#8243; images=&#8221;9666,9773,9769,9765,9761,9757,9753,9749,9745,9741,9737&#8243; col_xs=&#8221;1&#8243; col_sm=&#8221;2&#8243; col_md=&#8221;3&#8243; col_lg=&#8221;4&#8243; col_xl=&#8221;4&#8243; autoplay=&#8221;true&#8221; autoplay_timeout=&#8221;5000&#8243; arrows=&#8221;true&#8221; bullets=&#8221;true&#8221;][ct_space space_lg=&#8221;50&#8243; space_md=&#8221;50&#8243; space_sm=&#8221;50&#8243; space_xs=&#8221;50&#8243;][\/vc_column][\/vc_row][vc_row][vc_column][ct_space space_lg=&#8221;50&#8243; space_md=&#8221;50&#8243; space_sm=&#8221;50&#8243; space_xs=&#8221;50&#8243;][ct_heading text=&#8221;Los Dientes&#8221; align_lg=&#8221;align-center&#8221; align_md=&#8221;align-center-md&#8221; align_sm=&#8221;align-center-sm&#8221; align_xs=&#8221;align-center-xs&#8221; font_weight=&#8221;&#8221; description_font_weight=&#8221;inherit&#8221;][ct_space space_lg=&#8221;50&#8243; space_md=&#8221;50&#8243; space_sm=&#8221;50&#8243; space_xs=&#8221;50&#8243;][ct_gallery_carousel layout=&#8221;layout2&#8243; images=&#8221;9662,9658,9654,9650,9646,9642,9638,9634,9630,9626&#8243; col_xs=&#8221;1&#8243; col_sm=&#8221;2&#8243; col_md=&#8221;3&#8243; col_lg=&#8221;4&#8243; col_xl=&#8221;4&#8243; autoplay=&#8221;true&#8221; autoplay_timeout=&#8221;5000&#8243; arrows=&#8221;true&#8221; bullets=&#8221;true&#8221;][\/vc_column][\/vc_row][vc_row][vc_column][ct_space space_lg=&#8221;50&#8243; space_md=&#8221;50&#8243; space_sm=&#8221;50&#8243; space_xs=&#8221;50&#8243;][ct_heading text=&#8221;Hospitales de Healing Clinic&#8221; align_lg=&#8221;align-center&#8221; align_md=&#8221;align-center-md&#8221; align_sm=&#8221;align-center-sm&#8221; align_xs=&#8221;align-center-xs&#8221; font_weight=&#8221;&#8221; description_font_weight=&#8221;inherit&#8221;][ct_space space_lg=&#8221;50&#8243; space_md=&#8221;50&#8243; space_sm=&#8221;50&#8243; space_xs=&#8221;50&#8243;][ct_gallery_carousel layout=&#8221;layout2&#8243; col_xs=&#8221;1&#8243; col_sm=&#8221;2&#8243; col_md=&#8221;3&#8243; col_lg=&#8221;4&#8243; col_xl=&#8221;4&#8243; autoplay=&#8221;true&#8221; autoplay_timeout=&#8221;5000&#8243; arrows=&#8221;true&#8221; bullets=&#8221;true&#8221;][\/vc_column][\/vc_row]<\/p>\n<\/div>","protected":false},"excerpt":{"rendered":"<p>[vc_row][vc_column width=&#8221;1\/2&#8243;][ct_heading text=&#8221;Momentos inolvidables del jurado de un concurso de belleza&#8221; font_weight=&#8221;&#8221; description=&#8221;\u00bfAlguna vez te has preguntado qu\u00e9 sucede tras bambalinas en un concurso de belleza? En este video, te acompa\u00f1amos en nuestra experiencia como jueces. Te mostraremos la emoci\u00f3n, los desaf\u00edos y las dif\u00edciles decisiones que enfrentamos para coronar a la concursante m\u00e1s bella&#8230;<\/p>\n","protected":false},"author":1,"featured_media":0,"parent":0,"menu_order":0,"comment_status":"closed","ping_status":"closed","template":"","meta":{"footnotes":""},"class_list":["post-8392","page","type-page","status-publish","hentry"],"yoast_head":"<!-- This site is optimized with the Yoast SEO plugin v27.3 - https:\/\/yoast.com\/product\/yoast-seo-wordpress\/ -->\n<title>Galer\u00eda - Healing Clinic Turkey<\/title>\n<meta name=\"robots\" content=\"index, follow, max-snippet:-1, max-image-preview:large, max-video-preview:-1\" \/>\n<link rel=\"canonical\" href=\"https:\/\/healingclinicturkey.com\/es\/galeria\/\" \/>\n<meta property=\"og:locale\" content=\"es_ES\" \/>\n<meta property=\"og:type\" content=\"article\" \/>\n<meta property=\"og:title\" content=\"Galer\u00eda - Healing Clinic Turkey\" \/>\n<meta property=\"og:description\" content=\"[vc_row][vc_column width=&#8221;1\/2&#8243;][ct_heading text=&#8221;Momentos inolvidables del jurado de un concurso de belleza&#8221; font_weight=&#8221;&#8221; description=&#8221;\u00bfAlguna vez te has preguntado qu\u00e9 sucede tras bambalinas en un concurso de belleza? En este video, te acompa\u00f1amos en nuestra experiencia como jueces. Te mostraremos la emoci\u00f3n, los desaf\u00edos y las dif\u00edciles decisiones que enfrentamos para coronar a la concursante m\u00e1s bella...\" \/>\n<meta property=\"og:url\" content=\"https:\/\/healingclinicturkey.com\/es\/galeria\/\" \/>\n<meta property=\"og:site_name\" content=\"Healing Clinic Turkey\" \/>\n<meta property=\"article:modified_time\" content=\"2025-08-30T07:31:59+00:00\" \/>\n<meta name=\"twitter:card\" content=\"summary_large_image\" \/>\n<meta name=\"twitter:label1\" content=\"Tiempo de lectura\" \/>\n\t<meta name=\"twitter:data1\" content=\"2 minutos\" \/>\n<script type=\"application\/ld+json\" class=\"yoast-schema-graph\">{\"@context\":\"https:\\\/\\\/schema.org\",\"@graph\":[{\"@type\":\"WebPage\",\"@id\":\"https:\\\/\\\/healingclinicturkey.com\\\/es\\\/galeria\\\/\",\"url\":\"https:\\\/\\\/healingclinicturkey.com\\\/es\\\/galeria\\\/\",\"name\":\"Galer\u00eda - Healing Clinic Turkey\",\"isPartOf\":{\"@id\":\"https:\\\/\\\/healingclinicturkey.com\\\/#website\"},\"datePublished\":\"2020-11-12T23:25:00+00:00\",\"dateModified\":\"2025-08-30T07:31:59+00:00\",\"breadcrumb\":{\"@id\":\"https:\\\/\\\/healingclinicturkey.com\\\/es\\\/galeria\\\/#breadcrumb\"},\"inLanguage\":\"es\",\"potentialAction\":[{\"@type\":\"ReadAction\",\"target\":[\"https:\\\/\\\/healingclinicturkey.com\\\/es\\\/galeria\\\/\"]}]},{\"@type\":\"BreadcrumbList\",\"@id\":\"https:\\\/\\\/healingclinicturkey.com\\\/es\\\/galeria\\\/#breadcrumb\",\"itemListElement\":[{\"@type\":\"ListItem\",\"position\":1,\"name\":\"Home\",\"item\":\"https:\\\/\\\/healingclinicturkey.com\\\/es\\\/\"},{\"@type\":\"ListItem\",\"position\":2,\"name\":\"Galer\u00eda\"}]},{\"@type\":\"WebSite\",\"@id\":\"https:\\\/\\\/healingclinicturkey.com\\\/#website\",\"url\":\"https:\\\/\\\/healingclinicturkey.com\\\/\",\"name\":\"Healing Clinic Turkey\",\"description\":\"\",\"publisher\":{\"@id\":\"https:\\\/\\\/healingclinicturkey.com\\\/#organization\"},\"potentialAction\":[{\"@type\":\"SearchAction\",\"target\":{\"@type\":\"EntryPoint\",\"urlTemplate\":\"https:\\\/\\\/healingclinicturkey.com\\\/?s={search_term_string}\"},\"query-input\":{\"@type\":\"PropertyValueSpecification\",\"valueRequired\":true,\"valueName\":\"search_term_string\"}}],\"inLanguage\":\"es\"},{\"@type\":\"Organization\",\"@id\":\"https:\\\/\\\/healingclinicturkey.com\\\/#organization\",\"name\":\"Healing Clinic\",\"url\":\"https:\\\/\\\/healingclinicturkey.com\\\/\",\"logo\":{\"@type\":\"ImageObject\",\"inLanguage\":\"es\",\"@id\":\"https:\\\/\\\/healingclinicturkey.com\\\/#\\\/schema\\\/logo\\\/image\\\/\",\"url\":\"https:\\\/\\\/healingclinicturkey.com\\\/wp-content\\\/uploads\\\/2024\\\/06\\\/HealingFinalLogo500x500.png\",\"contentUrl\":\"https:\\\/\\\/healingclinicturkey.com\\\/wp-content\\\/uploads\\\/2024\\\/06\\\/HealingFinalLogo500x500.png\",\"width\":500,\"height\":500,\"caption\":\"Healing Clinic\"},\"image\":{\"@id\":\"https:\\\/\\\/healingclinicturkey.com\\\/#\\\/schema\\\/logo\\\/image\\\/\"}}]}<\/script>\n<!-- \/ Yoast SEO plugin. -->","yoast_head_json":{"title":"Galer\u00eda - Healing Clinic Turkey","robots":{"index":"index","follow":"follow","max-snippet":"max-snippet:-1","max-image-preview":"max-image-preview:large","max-video-preview":"max-video-preview:-1"},"canonical":"https:\/\/healingclinicturkey.com\/es\/galeria\/","og_locale":"es_ES","og_type":"article","og_title":"Galer\u00eda - Healing Clinic Turkey","og_description":"[vc_row][vc_column width=&#8221;1\/2&#8243;][ct_heading text=&#8221;Momentos inolvidables del jurado de un concurso de belleza&#8221; font_weight=&#8221;&#8221; description=&#8221;\u00bfAlguna vez te has preguntado qu\u00e9 sucede tras bambalinas en un concurso de belleza? En este video, te acompa\u00f1amos en nuestra experiencia como jueces. Te mostraremos la emoci\u00f3n, los desaf\u00edos y las dif\u00edciles decisiones que enfrentamos para coronar a la concursante m\u00e1s bella...","og_url":"https:\/\/healingclinicturkey.com\/es\/galeria\/","og_site_name":"Healing Clinic Turkey","article_modified_time":"2025-08-30T07:31:59+00:00","twitter_card":"summary_large_image","twitter_misc":{"Tiempo de lectura":"2 minutos"},"schema":{"@context":"https:\/\/schema.org","@graph":[{"@type":"WebPage","@id":"https:\/\/healingclinicturkey.com\/es\/galeria\/","url":"https:\/\/healingclinicturkey.com\/es\/galeria\/","name":"Galer\u00eda - Healing Clinic Turkey","isPartOf":{"@id":"https:\/\/healingclinicturkey.com\/#website"},"datePublished":"2020-11-12T23:25:00+00:00","dateModified":"2025-08-30T07:31:59+00:00","breadcrumb":{"@id":"https:\/\/healingclinicturkey.com\/es\/galeria\/#breadcrumb"},"inLanguage":"es","potentialAction":[{"@type":"ReadAction","target":["https:\/\/healingclinicturkey.com\/es\/galeria\/"]}]},{"@type":"BreadcrumbList","@id":"https:\/\/healingclinicturkey.com\/es\/galeria\/#breadcrumb","itemListElement":[{"@type":"ListItem","position":1,"name":"Home","item":"https:\/\/healingclinicturkey.com\/es\/"},{"@type":"ListItem","position":2,"name":"Galer\u00eda"}]},{"@type":"WebSite","@id":"https:\/\/healingclinicturkey.com\/#website","url":"https:\/\/healingclinicturkey.com\/","name":"Healing Clinic Turkey","description":"","publisher":{"@id":"https:\/\/healingclinicturkey.com\/#organization"},"potentialAction":[{"@type":"SearchAction","target":{"@type":"EntryPoint","urlTemplate":"https:\/\/healingclinicturkey.com\/?s={search_term_string}"},"query-input":{"@type":"PropertyValueSpecification","valueRequired":true,"valueName":"search_term_string"}}],"inLanguage":"es"},{"@type":"Organization","@id":"https:\/\/healingclinicturkey.com\/#organization","name":"Healing Clinic","url":"https:\/\/healingclinicturkey.com\/","logo":{"@type":"ImageObject","inLanguage":"es","@id":"https:\/\/healingclinicturkey.com\/#\/schema\/logo\/image\/","url":"https:\/\/healingclinicturkey.com\/wp-content\/uploads\/2024\/06\/HealingFinalLogo500x500.png","contentUrl":"https:\/\/healingclinicturkey.com\/wp-content\/uploads\/2024\/06\/HealingFinalLogo500x500.png","width":500,"height":500,"caption":"Healing Clinic"},"image":{"@id":"https:\/\/healingclinicturkey.com\/#\/schema\/logo\/image\/"}}]}},"_links":{"self":[{"href":"https:\/\/healingclinicturkey.com\/es\/wp-json\/wp\/v2\/pages\/8392","targetHints":{"allow":["GET"]}}],"collection":[{"href":"https:\/\/healingclinicturkey.com\/es\/wp-json\/wp\/v2\/pages"}],"about":[{"href":"https:\/\/healingclinicturkey.com\/es\/wp-json\/wp\/v2\/types\/page"}],"author":[{"embeddable":true,"href":"https:\/\/healingclinicturkey.com\/es\/wp-json\/wp\/v2\/users\/1"}],"replies":[{"embeddable":true,"href":"https:\/\/healingclinicturkey.com\/es\/wp-json\/wp\/v2\/comments?post=8392"}],"version-history":[{"count":6,"href":"https:\/\/healingclinicturkey.com\/es\/wp-json\/wp\/v2\/pages\/8392\/revisions"}],"predecessor-version":[{"id":10923,"href":"https:\/\/healingclinicturkey.com\/es\/wp-json\/wp\/v2\/pages\/8392\/revisions\/10923"}],"wp:attachment":[{"href":"https:\/\/healingclinicturkey.com\/es\/wp-json\/wp\/v2\/media?parent=8392"}],"curies":[{"name":"wp","href":"https:\/\/api.w.org\/{rel}","templated":true}]}}