{"id":8490,"date":"2020-09-25T11:54:54","date_gmt":"2020-09-25T11:54:54","guid":{"rendered":"https:\/\/healingclinicturkey.com\/%d9%81%d8%b1%d9%8a%d9%82-%d8%a7%d9%84%d8%b9%d9%85%d9%84\/"},"modified":"2025-08-29T23:14:59","modified_gmt":"2025-08-29T20:14:59","slug":"equipo","status":"publish","type":"page","link":"https:\/\/healingclinicturkey.com\/es\/equipo\/","title":{"rendered":"Nuestro equipo"},"content":{"rendered":"<div class=\"wpb-content-wrapper\"><p>[vc_row][vc_column][ct_space space_lg=&#8221;50&#8243; space_md=&#8221;50&#8243; space_sm=&#8221;50&#8243; space_xs=&#8221;50&#8243;][\/vc_column][\/vc_row][vc_row][vc_column width=&#8221;1\/3&#8243;][ct_team_member image=&#8221;8207&#8243; social=&#8221;%5B%7B%7D%5D&#8221; title=&#8221;Sp\u00e9cialiste Emri Ichilgul&#8221; position=&#8221;Especialista en trasplantes capilares y est\u00e9tica, 9 a\u00f1os de experiencia.&#8221;][ct_team_member image=&#8221;10891&#8243; social=&#8221;%5B%7B%7D%5D&#8221; title=&#8221;Dr. Abdulkadir Cosunar&#8221; position=&#8221;Odont\u00f3logo, 37 a\u00f1os de experiencia&#8221;][\/vc_column][vc_column width=&#8221;1\/3&#8243;][ct_team_member image=&#8221;8917&#8243; social=&#8221;%5B%7B%7D%5D&#8221; title=&#8221;Dr Hasan Lija&#8221; position=&#8221;Cirujano general y de obesidad, 23 a\u00f1os de experiencia.&#8221;][\/vc_column][vc_column width=&#8221;1\/3&#8243;][ct_team_member image=&#8221;10895&#8243; item_link=&#8221;url:https%3A%2F%2Fhealingclinicturkey.com%2Fwp-content%2Fuploads%2F2025%2F08%2FOP.-DR-.-Teoman-Eraslan.pdf|target:_blank&#8221; social=&#8221;%5B%7B%22icon%22%3A%22far%20fa-file-pdf%22%2C%22social_link%22%3A%22https%3A%2F%2Fhealingclinicturkey.com%2Fwp-content%2Fuploads%2F2025%2F08%2FOP.-DR-.-Teoman-Eraslan.pdf%22%7D%5D&#8221; title=&#8221;Op. Dr. Teoman Eraslan&#8221; position=&#8221;Cirujano pl\u00e1stico, 15 a\u00f1os de experiencia&#8221;][\/vc_column][\/vc_row][vc_row][vc_column][ct_space space_lg=&#8221;50&#8243; space_md=&#8221;50&#8243; space_sm=&#8221;50&#8243; space_xs=&#8221;50&#8243;][\/vc_column][\/vc_row][vc_row][vc_column][ct_gallery_section images=&#8221;10867,10863,10859,10855,10851,10847,10843,10839,10835,10831,10827,10823,10819&#8243; title=&#8221;Verifique&#8221;]<\/p>\n<h3>Las diplomas de nuestros m\u00e9dicos<\/h3>\n<p>[\/ct_gallery_section][\/vc_column][\/vc_row]<\/p>\n<\/div>","protected":false},"excerpt":{"rendered":"<p>[vc_row][vc_column][ct_space space_lg=&#8221;50&#8243; space_md=&#8221;50&#8243; space_sm=&#8221;50&#8243; space_xs=&#8221;50&#8243;][\/vc_column][\/vc_row][vc_row][vc_column width=&#8221;1\/3&#8243;][ct_team_member image=&#8221;8207&#8243; social=&#8221;%5B%7B%7D%5D&#8221; title=&#8221;Sp\u00e9cialiste Emri Ichilgul&#8221; position=&#8221;Especialista en trasplantes capilares y est\u00e9tica, 9 a\u00f1os de experiencia.&#8221;][ct_team_member image=&#8221;10891&#8243; social=&#8221;%5B%7B%7D%5D&#8221; title=&#8221;Dr. Abdulkadir Cosunar&#8221; position=&#8221;Odont\u00f3logo, 37 a\u00f1os de experiencia&#8221;][\/vc_column][vc_column width=&#8221;1\/3&#8243;][ct_team_member image=&#8221;8917&#8243; social=&#8221;%5B%7B%7D%5D&#8221; title=&#8221;Dr Hasan Lija&#8221; position=&#8221;Cirujano general y de obesidad, 23 a\u00f1os de experiencia.&#8221;][\/vc_column][vc_column width=&#8221;1\/3&#8243;][ct_team_member image=&#8221;10895&#8243; item_link=&#8221;url:https%3A%2F%2Fhealingclinicturkey.com%2Fwp-content%2Fuploads%2F2025%2F08%2FOP.-DR-.-Teoman-Eraslan.pdf|target:_blank&#8221; social=&#8221;%5B%7B%22icon%22%3A%22far%20fa-file-pdf%22%2C%22social_link%22%3A%22https%3A%2F%2Fhealingclinicturkey.com%2Fwp-content%2Fuploads%2F2025%2F08%2FOP.-DR-.-Teoman-Eraslan.pdf%22%7D%5D&#8221; title=&#8221;Op. Dr. Teoman Eraslan&#8221; position=&#8221;Cirujano&#8230;<\/p>\n","protected":false},"author":1,"featured_media":0,"parent":0,"menu_order":0,"comment_status":"closed","ping_status":"closed","template":"","meta":{"footnotes":""},"class_list":["post-8490","page","type-page","status-publish","hentry"],"yoast_head":"<!-- This site is optimized with the Yoast SEO plugin v27.3 - https:\/\/yoast.com\/product\/yoast-seo-wordpress\/ -->\n<title>Nuestro equipo - Healing Clinic Turkey<\/title>\n<meta name=\"robots\" content=\"index, follow, max-snippet:-1, max-image-preview:large, max-video-preview:-1\" \/>\n<link rel=\"canonical\" href=\"https:\/\/healingclinicturkey.com\/es\/equipo\/\" \/>\n<meta property=\"og:locale\" content=\"es_ES\" \/>\n<meta property=\"og:type\" content=\"article\" \/>\n<meta property=\"og:title\" content=\"Nuestro equipo - Healing Clinic Turkey\" \/>\n<meta property=\"og:description\" content=\"[vc_row][vc_column][ct_space space_lg=&#8221;50&#8243; space_md=&#8221;50&#8243; space_sm=&#8221;50&#8243; space_xs=&#8221;50&#8243;][\/vc_column][\/vc_row][vc_row][vc_column width=&#8221;1\/3&#8243;][ct_team_member image=&#8221;8207&#8243; social=&#8221;%5B%7B%7D%5D&#8221; title=&#8221;Sp\u00e9cialiste Emri Ichilgul&#8221; position=&#8221;Especialista en trasplantes capilares y est\u00e9tica, 9 a\u00f1os de experiencia.&#8221;][ct_team_member image=&#8221;10891&#8243; social=&#8221;%5B%7B%7D%5D&#8221; title=&#8221;Dr. Abdulkadir Cosunar&#8221; position=&#8221;Odont\u00f3logo, 37 a\u00f1os de experiencia&#8221;][\/vc_column][vc_column width=&#8221;1\/3&#8243;][ct_team_member image=&#8221;8917&#8243; social=&#8221;%5B%7B%7D%5D&#8221; title=&#8221;Dr Hasan Lija&#8221; position=&#8221;Cirujano general y de obesidad, 23 a\u00f1os de experiencia.&#8221;][\/vc_column][vc_column width=&#8221;1\/3&#8243;][ct_team_member image=&#8221;10895&#8243; item_link=&#8221;url:https%3A%2F%2Fhealingclinicturkey.com%2Fwp-content%2Fuploads%2F2025%2F08%2FOP.-DR-.-Teoman-Eraslan.pdf|target:_blank&#8221; social=&#8221;%5B%7B%22icon%22%3A%22far%20fa-file-pdf%22%2C%22social_link%22%3A%22https%3A%2F%2Fhealingclinicturkey.com%2Fwp-content%2Fuploads%2F2025%2F08%2FOP.-DR-.-Teoman-Eraslan.pdf%22%7D%5D&#8221; title=&#8221;Op. Dr. Teoman Eraslan&#8221; position=&#8221;Cirujano...\" \/>\n<meta property=\"og:url\" content=\"https:\/\/healingclinicturkey.com\/es\/equipo\/\" \/>\n<meta property=\"og:site_name\" content=\"Healing Clinic Turkey\" \/>\n<meta property=\"article:modified_time\" content=\"2025-08-29T20:14:59+00:00\" \/>\n<meta name=\"twitter:card\" content=\"summary_large_image\" \/>\n<meta name=\"twitter:label1\" content=\"Tiempo de lectura\" \/>\n\t<meta name=\"twitter:data1\" content=\"4 minutos\" \/>\n<script type=\"application\/ld+json\" class=\"yoast-schema-graph\">{\"@context\":\"https:\\\/\\\/schema.org\",\"@graph\":[{\"@type\":\"WebPage\",\"@id\":\"https:\\\/\\\/healingclinicturkey.com\\\/es\\\/equipo\\\/\",\"url\":\"https:\\\/\\\/healingclinicturkey.com\\\/es\\\/equipo\\\/\",\"name\":\"Nuestro equipo - Healing Clinic Turkey\",\"isPartOf\":{\"@id\":\"https:\\\/\\\/healingclinicturkey.com\\\/#website\"},\"datePublished\":\"2020-09-25T11:54:54+00:00\",\"dateModified\":\"2025-08-29T20:14:59+00:00\",\"breadcrumb\":{\"@id\":\"https:\\\/\\\/healingclinicturkey.com\\\/es\\\/equipo\\\/#breadcrumb\"},\"inLanguage\":\"es\",\"potentialAction\":[{\"@type\":\"ReadAction\",\"target\":[\"https:\\\/\\\/healingclinicturkey.com\\\/es\\\/equipo\\\/\"]}]},{\"@type\":\"BreadcrumbList\",\"@id\":\"https:\\\/\\\/healingclinicturkey.com\\\/es\\\/equipo\\\/#breadcrumb\",\"itemListElement\":[{\"@type\":\"ListItem\",\"position\":1,\"name\":\"Home\",\"item\":\"https:\\\/\\\/healingclinicturkey.com\\\/es\\\/\"},{\"@type\":\"ListItem\",\"position\":2,\"name\":\"Nuestro equipo\"}]},{\"@type\":\"WebSite\",\"@id\":\"https:\\\/\\\/healingclinicturkey.com\\\/#website\",\"url\":\"https:\\\/\\\/healingclinicturkey.com\\\/\",\"name\":\"Healing Clinic Turkey\",\"description\":\"\",\"publisher\":{\"@id\":\"https:\\\/\\\/healingclinicturkey.com\\\/#organization\"},\"potentialAction\":[{\"@type\":\"SearchAction\",\"target\":{\"@type\":\"EntryPoint\",\"urlTemplate\":\"https:\\\/\\\/healingclinicturkey.com\\\/?s={search_term_string}\"},\"query-input\":{\"@type\":\"PropertyValueSpecification\",\"valueRequired\":true,\"valueName\":\"search_term_string\"}}],\"inLanguage\":\"es\"},{\"@type\":\"Organization\",\"@id\":\"https:\\\/\\\/healingclinicturkey.com\\\/#organization\",\"name\":\"Healing Clinic\",\"url\":\"https:\\\/\\\/healingclinicturkey.com\\\/\",\"logo\":{\"@type\":\"ImageObject\",\"inLanguage\":\"es\",\"@id\":\"https:\\\/\\\/healingclinicturkey.com\\\/#\\\/schema\\\/logo\\\/image\\\/\",\"url\":\"https:\\\/\\\/healingclinicturkey.com\\\/wp-content\\\/uploads\\\/2024\\\/06\\\/HealingFinalLogo500x500.png\",\"contentUrl\":\"https:\\\/\\\/healingclinicturkey.com\\\/wp-content\\\/uploads\\\/2024\\\/06\\\/HealingFinalLogo500x500.png\",\"width\":500,\"height\":500,\"caption\":\"Healing Clinic\"},\"image\":{\"@id\":\"https:\\\/\\\/healingclinicturkey.com\\\/#\\\/schema\\\/logo\\\/image\\\/\"}}]}<\/script>\n<!-- \/ Yoast SEO plugin. -->","yoast_head_json":{"title":"Nuestro equipo - Healing Clinic Turkey","robots":{"index":"index","follow":"follow","max-snippet":"max-snippet:-1","max-image-preview":"max-image-preview:large","max-video-preview":"max-video-preview:-1"},"canonical":"https:\/\/healingclinicturkey.com\/es\/equipo\/","og_locale":"es_ES","og_type":"article","og_title":"Nuestro equipo - Healing Clinic Turkey","og_description":"[vc_row][vc_column][ct_space space_lg=&#8221;50&#8243; space_md=&#8221;50&#8243; space_sm=&#8221;50&#8243; space_xs=&#8221;50&#8243;][\/vc_column][\/vc_row][vc_row][vc_column width=&#8221;1\/3&#8243;][ct_team_member image=&#8221;8207&#8243; social=&#8221;%5B%7B%7D%5D&#8221; title=&#8221;Sp\u00e9cialiste Emri Ichilgul&#8221; position=&#8221;Especialista en trasplantes capilares y est\u00e9tica, 9 a\u00f1os de experiencia.&#8221;][ct_team_member image=&#8221;10891&#8243; social=&#8221;%5B%7B%7D%5D&#8221; title=&#8221;Dr. Abdulkadir Cosunar&#8221; position=&#8221;Odont\u00f3logo, 37 a\u00f1os de experiencia&#8221;][\/vc_column][vc_column width=&#8221;1\/3&#8243;][ct_team_member image=&#8221;8917&#8243; social=&#8221;%5B%7B%7D%5D&#8221; title=&#8221;Dr Hasan Lija&#8221; position=&#8221;Cirujano general y de obesidad, 23 a\u00f1os de experiencia.&#8221;][\/vc_column][vc_column width=&#8221;1\/3&#8243;][ct_team_member image=&#8221;10895&#8243; item_link=&#8221;url:https%3A%2F%2Fhealingclinicturkey.com%2Fwp-content%2Fuploads%2F2025%2F08%2FOP.-DR-.-Teoman-Eraslan.pdf|target:_blank&#8221; social=&#8221;%5B%7B%22icon%22%3A%22far%20fa-file-pdf%22%2C%22social_link%22%3A%22https%3A%2F%2Fhealingclinicturkey.com%2Fwp-content%2Fuploads%2F2025%2F08%2FOP.-DR-.-Teoman-Eraslan.pdf%22%7D%5D&#8221; title=&#8221;Op. Dr. Teoman Eraslan&#8221; position=&#8221;Cirujano...","og_url":"https:\/\/healingclinicturkey.com\/es\/equipo\/","og_site_name":"Healing Clinic Turkey","article_modified_time":"2025-08-29T20:14:59+00:00","twitter_card":"summary_large_image","twitter_misc":{"Tiempo de lectura":"4 minutos"},"schema":{"@context":"https:\/\/schema.org","@graph":[{"@type":"WebPage","@id":"https:\/\/healingclinicturkey.com\/es\/equipo\/","url":"https:\/\/healingclinicturkey.com\/es\/equipo\/","name":"Nuestro equipo - Healing Clinic Turkey","isPartOf":{"@id":"https:\/\/healingclinicturkey.com\/#website"},"datePublished":"2020-09-25T11:54:54+00:00","dateModified":"2025-08-29T20:14:59+00:00","breadcrumb":{"@id":"https:\/\/healingclinicturkey.com\/es\/equipo\/#breadcrumb"},"inLanguage":"es","potentialAction":[{"@type":"ReadAction","target":["https:\/\/healingclinicturkey.com\/es\/equipo\/"]}]},{"@type":"BreadcrumbList","@id":"https:\/\/healingclinicturkey.com\/es\/equipo\/#breadcrumb","itemListElement":[{"@type":"ListItem","position":1,"name":"Home","item":"https:\/\/healingclinicturkey.com\/es\/"},{"@type":"ListItem","position":2,"name":"Nuestro equipo"}]},{"@type":"WebSite","@id":"https:\/\/healingclinicturkey.com\/#website","url":"https:\/\/healingclinicturkey.com\/","name":"Healing Clinic Turkey","description":"","publisher":{"@id":"https:\/\/healingclinicturkey.com\/#organization"},"potentialAction":[{"@type":"SearchAction","target":{"@type":"EntryPoint","urlTemplate":"https:\/\/healingclinicturkey.com\/?s={search_term_string}"},"query-input":{"@type":"PropertyValueSpecification","valueRequired":true,"valueName":"search_term_string"}}],"inLanguage":"es"},{"@type":"Organization","@id":"https:\/\/healingclinicturkey.com\/#organization","name":"Healing Clinic","url":"https:\/\/healingclinicturkey.com\/","logo":{"@type":"ImageObject","inLanguage":"es","@id":"https:\/\/healingclinicturkey.com\/#\/schema\/logo\/image\/","url":"https:\/\/healingclinicturkey.com\/wp-content\/uploads\/2024\/06\/HealingFinalLogo500x500.png","contentUrl":"https:\/\/healingclinicturkey.com\/wp-content\/uploads\/2024\/06\/HealingFinalLogo500x500.png","width":500,"height":500,"caption":"Healing Clinic"},"image":{"@id":"https:\/\/healingclinicturkey.com\/#\/schema\/logo\/image\/"}}]}},"_links":{"self":[{"href":"https:\/\/healingclinicturkey.com\/es\/wp-json\/wp\/v2\/pages\/8490","targetHints":{"allow":["GET"]}}],"collection":[{"href":"https:\/\/healingclinicturkey.com\/es\/wp-json\/wp\/v2\/pages"}],"about":[{"href":"https:\/\/healingclinicturkey.com\/es\/wp-json\/wp\/v2\/types\/page"}],"author":[{"embeddable":true,"href":"https:\/\/healingclinicturkey.com\/es\/wp-json\/wp\/v2\/users\/1"}],"replies":[{"embeddable":true,"href":"https:\/\/healingclinicturkey.com\/es\/wp-json\/wp\/v2\/comments?post=8490"}],"version-history":[{"count":9,"href":"https:\/\/healingclinicturkey.com\/es\/wp-json\/wp\/v2\/pages\/8490\/revisions"}],"predecessor-version":[{"id":10911,"href":"https:\/\/healingclinicturkey.com\/es\/wp-json\/wp\/v2\/pages\/8490\/revisions\/10911"}],"wp:attachment":[{"href":"https:\/\/healingclinicturkey.com\/es\/wp-json\/wp\/v2\/media?parent=8490"}],"curies":[{"name":"wp","href":"https:\/\/api.w.org\/{rel}","templated":true}]}}