{"id":8564,"date":"2020-09-21T21:56:15","date_gmt":"2020-09-21T21:56:15","guid":{"rendered":"https:\/\/healingclinicturkey.com\/about-us\/"},"modified":"2022-04-04T22:08:49","modified_gmt":"2022-04-04T22:08:49","slug":"quienes-somos","status":"publish","type":"page","link":"https:\/\/healingclinicturkey.com\/es\/quienes-somos\/","title":{"rendered":"\u00bfQuienes Somos?"},"content":{"rendered":"<div class=\"wpb-content-wrapper\"><p>[vc_row full_width=&#8221;stretch_row&#8221; css=&#8221;.vc_custom_1560248330930{padding-top: 111px !important;}&#8221; el_id=&#8221;about&#8221;][vc_column width=&#8221;1\/2&#8243; css=&#8221;.vc_custom_1556273668036{padding-top: 0px !important;}&#8221;][ct_heading text=&#8221;<cite>\u00bfPor qu\u00e9 eligirnos?&#8220;<\/cite><br \/>\n\u2714 La salud y la seguridad son nuestro primer objetivo.<br \/>\n\u2714 Garantimus su satisfacci\u00f3n<br \/>\n\u2714 Cumplimos con sus expectativas<br \/>\n\u2714 Garantizamos su privacidad&#8221; font_size_sm=&#8221;24&#8243; font_size_xs=&#8221;24&#8243; font_weight=&#8221;&#8221; subtitle=&#8221;\u00bfQuienes Somos?&#8221; description_font_weight=&#8221;inherit&#8221; margin_bottom=&#8221;0&#8243;][vc_column_text css=&#8221;.vc_custom_1649109492085{margin-top: 25px !important;margin-bottom: 40px !important;}&#8221; el_class=&#8221;text-block&#8221;]Healing Clinic es una cl\u00ednica est\u00e9tica establecida por un personal m\u00e9dico y administrativo profesional.<\/p>\n<p>Lo que m\u00e1s importa a Healing Clinic es la salud del paciente. En Healing Clinic nos esforzamos por cumplir con las expectativas de todos los pacientes de acuerdo con los est\u00e1ndares internacionales de belleza, pero naturales al mismo tiempo, ya que le ofrecemos soluciones mejores y m\u00e1s cercanas a la naturaleza seg\u00fan nuestra experiencia est\u00e9tica y los est\u00e1ndares internacionales.[\/vc_column_text][vc_row_inner][vc_column_inner ct_column_inner_class=&#8221;rm-padding-md&#8221; offset=&#8221;vc_col-lg-6 vc_col-md-6&#8243; css=&#8221;.vc_custom_1547049514691{padding-right: 0px !important;}&#8221;][ct_fancybox title_color=&#8221;#000000&#8243; icon_list=&#8221;fontawesome5&#8243; icon_fontawesome5=&#8221;fac fac-backpack&#8221; title=&#8221;Nuestra misi\u00f3n&#8221; description=&#8221;En Healing Clinic, nuestra misi\u00f3n esencial es lograr la satisfacci\u00f3n del paciente proporcionando todo lo necesario para el procedimiento est\u00e9tico en Turqu\u00eda con los m\u00e1s altos est\u00e1ndares de calidad y atenci\u00f3n m\u00e9dica y a precios razonables, asegurando as\u00ed la satisfacci\u00f3n del paciente, logrando lo que sue\u00f1a y cambiando su vida para mejor. &#8220;][\/vc_column_inner][vc_column_inner ct_column_inner_class=&#8221;rm-padding-md&#8221; offset=&#8221;vc_col-lg-6 vc_col-md-6&#8243; css=&#8221;.vc_custom_1547049521680{padding-right: 0px !important;}&#8221;][ct_fancybox title_color=&#8221;#000000&#8243; icon_fontawesome=&#8221;fas fa-eye&#8221; title=&#8221;Nuestra visi\u00f3n&#8221; description=&#8221;En Healing Clinic, somos considerados uno de los primeros en el mundo est\u00e9tico en Turqu\u00eda y nos esforzamos por ser los pioneros en el mundo y ser la cl\u00ednica m\u00e1s satisfactoria para los pacientes.&#8221;][\/vc_column_inner][\/vc_row_inner][vc_raw_html css=&#8221;.vc_custom_1649109601791{margin-bottom: 31px !important;}&#8221;]JTBBJTNDZGl2JTIwY2xhc3MlM0QlMjJjYWxsLXVzJTIyJTNFJTBBJTA5RW4lMjBjYXNvJTIwZGUlMjBwcmVndW50YXMlMkMlM0NhJTIwaHJlZiUzRCUyMmh0dHBzJTNBJTJGJTJGaGVhbGluZ2NsaW5pY3R1cmtleS5jb20lMkZjb250YWN0JTJGJTIzJTIyJTNFY29udCVDMyVBMWN0ZW5vcyUyMHBvciUyMGZhdm9yJTNDJTJGYSUzRSUyMCUzQ3NwYW4lMjBjbGFzcyUzRCUyMmNhbGwtbnVtYmVyJTIyJTNFJTJCOTAlMjA1NTIlMjAyMzMlMjA5OSUyMDMzJTIwJTNDJTJGc3BhbiUzRSUwQSUzQyUyRmRpdiUzRQ==[\/vc_raw_html][vc_separator color=&#8221;custom&#8221; style=&#8221;dashed&#8221; accent_color=&#8221;#b7b7b7&#8243; css=&#8221;.vc_custom_1547050658861{margin-bottom: 23px !important;}&#8221;][\/vc_column][vc_column width=&#8221;1\/2&#8243; ct_column_class=&#8221;rm-padding-lg&#8221; css=&#8221;.vc_custom_1556273894464{padding-top: 65px !important;padding-right: 30px !important;padding-left: 50px !important;}&#8221;][vc_row_inner][vc_column_inner ct_column_inner_class=&#8221;rm-padding-md&#8221; css=&#8221;.vc_custom_1556273819248{padding-top: 0px !important;}&#8221; animation_column=&#8221;fadeInRight&#8221;][ct_single_image single_image=&#8221;3559&#8243; img_size=&#8221;thumbnail&#8221;][\/vc_column_inner][\/vc_row_inner][vc_row_inner][vc_column_inner css=&#8221;.vc_custom_1547132842737{padding-top: 56px !important;}&#8221; offset=&#8221;vc_col-lg-4 vc_col-md-4&#8243;][ct_counter title=&#8221;Pacientes satisfechos&#8221; digit=&#8221;2000&#8243; suffix=&#8221;+&#8221;][\/vc_column_inner][vc_column_inner css=&#8221;.vc_custom_1547132858148{padding-top: 56px !important;}&#8221; offset=&#8221;vc_col-lg-4 vc_col-md-4&#8243;][ct_counter title=&#8221;A\u00f1os de experiencia&#8221; digit=&#8221;7&#8243; suffix=&#8221;+&#8221;][\/vc_column_inner][vc_column_inner css=&#8221;.vc_custom_1547132867871{padding-top: 56px !important;}&#8221; offset=&#8221;vc_col-lg-4 vc_col-md-4&#8243;][ct_counter title=&#8221;Premios&#8221; digit=&#8221;12&#8243; suffix=&#8221;+&#8221;][\/vc_column_inner][\/vc_row_inner][\/vc_column][\/vc_row][vc_row el_id=&#8221;services&#8221; el_class=&#8221;data-offset-lg&#8221;][vc_column css=&#8221;.vc_custom_1560660702761{padding-top: 82px !important;padding-bottom: 90px !important;}&#8221; el_class=&#8221;rm-margin-top-md&#8221;][ct_services_carousel testimonial_item=&#8221;%5B%7B%22title%22%3A%22Injerto%20de%20cabello%20%22%2C%22sub_title%22%3A%22Trasplante%20Capilar%22%2C%22icon%22%3A%222941%22%2C%22icon_hover%22%3A%222941%22%2C%22item_link%22%3A%22url%3Ahttps%253A%252F%252Fhealingclinicturkey.com%252Fhair-transplant-operations%7Ctitle%3AHair%2520Transplant%2520Services%7C%7C%22%7D%2C%7B%22title%22%3A%22Injerto%20de%20barba%22%2C%22sub_title%22%3A%22Servicios%20de%20injerto%20capilar%22%2C%22icon%22%3A%222938%22%2C%22icon_hover%22%3A%222938%22%2C%22item_link%22%3A%22url%3Ahttps%253A%252F%252Fhealingclinicturkey.com%252Fhair-transplant-operations%7Ctitle%3AHair%2520Transplant%2520Services%7C%7C%22%7D%2C%7B%22title%22%3A%22Rinoplast%C3%ADas%22%2C%22sub_title%22%3A%22Operaciones%20est%C3%A9ticas%22%2C%22icon%22%3A%222946%22%2C%22icon_hover%22%3A%222946%22%2C%22item_link%22%3A%22url%3Ahttps%253A%252F%252Fhealingclinicturkey.com%252Fplastic-surgeries%252F%7Ctitle%3APlastic%2520Surgeries%2520Services%7C%7C%22%7D%2C%7B%22title%22%3A%22Aumento%20de%20senos%22%2C%22sub_title%22%3A%22Operaciones%20est%C3%A9ticas%22%2C%22icon%22%3A%222949%22%2C%22icon_hover%22%3A%222949%22%2C%22item_link%22%3A%22url%3Ahttps%253A%252F%252Fhealingclinicturkey.com%252Fplastic-surgeries%252F%7Ctitle%3APlastic%2520Surgeries%2520Services%7C%7C%22%7D%2C%7B%22title%22%3A%22Sonrisa%20Hollywood%22%2C%22sub_title%22%3A%22Est%C3%A9tica%20dental%22%2C%22icon%22%3A%222953%22%2C%22icon_hover%22%3A%222953%22%2C%22item_link%22%3A%22url%3Ahttps%253A%252F%252Fhealingclinicturkey.com%252Fcosmetic-dentistry%252F%7Ctitle%3ADental%2520Services%7C%7C%22%7D%2C%7B%22title%22%3A%22Liposucci%C3%B3n%22%2C%22sub_title%22%3A%22Operaciones%20est%C3%A9ticas%22%2C%22icon%22%3A%222955%22%2C%22icon_hover%22%3A%222955%22%2C%22item_link%22%3A%22url%3Ahttps%253A%252F%252Fhealingclinicturkey.com%252Fplastic-surgeries%252F%7Ctitle%3APlastic%2520Surgeries%2520Services%7C%7C%22%7D%5D&#8221; col_xs=&#8221;1&#8243; col_sm=&#8221;2&#8243; col_md=&#8221;4&#8243; col_lg=&#8221;5&#8243; col_xl=&#8221;5&#8243; margin=&#8221;0&#8243; loop=&#8221;true&#8221; autoplay=&#8221;true&#8221; autoplay_timeout=&#8221;10000&#8243; smart_speed=&#8221;500&#8243; arrows=&#8221;true&#8221;][\/vc_column][\/vc_row][vc_row full_width=&#8221;stretch_row_content_no_spaces&#8221; bg_image_position=&#8221;bg-image-ps-center&#8221; css=&#8221;.vc_custom_1557803813345{background: #e7f2fc url(http:\/\/demo.casethemes.net\/multio-medical\/wp-content\/uploads\/2019\/05\/map.png?id=1147) !important;background-position: 0 0 !important;background-repeat: no-repeat !important;}&#8221; el_id=&#8221;testimonials&#8221;][vc_column ct_column_class=&#8221;rm-padding-md&#8221; css=&#8221;.vc_custom_1557825253890{padding-top: 115px !important;padding-bottom: 126px !important;}&#8221;][ct_heading text=&#8221;\u0646Estamos aqu\u00ed para brindarles a ustedes los mejores servicios que garamtizans su satisfacci\u00f3n.<br \/>\n<cite>Con nuestra experiencia de 7 a\u00f1os.<\/cite>&#8221; align_lg=&#8221;align-center&#8221; align_md=&#8221;align-center-md&#8221; align_sm=&#8221;align-center-sm&#8221; align_xs=&#8221;align-center-xs&#8221; font_weight=&#8221;&#8221; subtitle=&#8221;Testimonios y comentarios&#8221; description_font_weight=&#8221;inherit&#8221; margin_bottom=&#8221;55&#8243;][ct_testimonial_carousel testimonial_item=&#8221;%5B%7B%22title%22%3A%22Mohammad%20Adam%22%2C%22content%22%3A%22Gracias%20por%20su%20asistencia%20profesional%20en%20mi%20tratamiento%20dental%2C%20recomiendo%20Healing%20Clinic%20despu%C3%A9s%20de%20mi%20muy%20exitosa%20experiencia%2C%20ustedes%20son%20los%20mejores.%22%2C%22image%22%3A%221153%22%2C%22rating%22%3A%22star5%22%7D%2C%7B%22title%22%3A%22Walid%20Ahmed%22%2C%22content%22%3A%22Perd%C3%AD%20unos%2030%20kilos%20despu%C3%A9s%20de%20la%20operaci%C3%B3n%2C%20los%20mejores%20servicios%20de%20obesidad%20absolutamente%2C%20muchas%20gracias%20por%20todo%2C%20especialmente%20los%20resultados%20y%20el%20comportamiento%20profesional%20de%20los%20traductores%20y%20todo%20el%20personal.%22%2C%22image%22%3A%221152%22%2C%22rating%22%3A%22star5%22%7D%2C%7B%22title%22%3A%22Lina%20Dores%20%22%2C%22content%22%3A%22Querr%C3%ADa%20recomendar%20las%20cirug%C3%ADas%20est%C3%A9ticas%20en%20Healing%20Clinic%2C%20que%20me%20hicieron%20amar%20lo%20que%20soy%20ahora.%22%2C%22image%22%3A%22353%22%2C%22rating%22%3A%22star5%22%7D%5D&#8221; col_xs=&#8221;1&#8243; col_sm=&#8221;1&#8243; col_md=&#8221;3&#8243; col_lg=&#8221;3&#8243; col_xl=&#8221;4&#8243; margin=&#8221;60&#8243; loop=&#8221;true&#8221; autoplay=&#8221;true&#8221; autoplay_timeout=&#8221;10000&#8243; smart_speed=&#8221;500&#8243; center=&#8221;true&#8221;][\/vc_column][\/vc_row]<\/p>\n<\/div>","protected":false},"excerpt":{"rendered":"<p>[vc_row full_width=&#8221;stretch_row&#8221; css=&#8221;.vc_custom_1560248330930{padding-top: 111px !important;}&#8221; el_id=&#8221;about&#8221;][vc_column width=&#8221;1\/2&#8243; css=&#8221;.vc_custom_1556273668036{padding-top: 0px !important;}&#8221;][ct_heading text=&#8221;\u00bfPor qu\u00e9 eligirnos?&#8220; \u2714 La salud y la seguridad son nuestro primer objetivo. \u2714 Garantimus su satisfacci\u00f3n \u2714 Cumplimos con sus expectativas \u2714 Garantizamos su privacidad&#8221; font_size_sm=&#8221;24&#8243; font_size_xs=&#8221;24&#8243; font_weight=&#8221;&#8221; subtitle=&#8221;\u00bfQuienes Somos?&#8221; description_font_weight=&#8221;inherit&#8221; margin_bottom=&#8221;0&#8243;][vc_column_text css=&#8221;.vc_custom_1649109492085{margin-top: 25px !important;margin-bottom: 40px !important;}&#8221; el_class=&#8221;text-block&#8221;]Healing Clinic es una cl\u00ednica est\u00e9tica establecida&#8230;<\/p>\n","protected":false},"author":1,"featured_media":0,"parent":0,"menu_order":0,"comment_status":"closed","ping_status":"closed","template":"","meta":{"footnotes":""},"class_list":["post-8564","page","type-page","status-publish","hentry"],"yoast_head":"<!-- This site is optimized with the Yoast SEO plugin v27.3 - https:\/\/yoast.com\/product\/yoast-seo-wordpress\/ -->\n<title>\u00bfQuienes Somos? - Healing Clinic Turkey<\/title>\n<meta name=\"robots\" content=\"index, follow, max-snippet:-1, max-image-preview:large, max-video-preview:-1\" \/>\n<link rel=\"canonical\" href=\"https:\/\/healingclinicturkey.com\/about-us\/\" \/>\n<meta property=\"og:locale\" content=\"es_ES\" \/>\n<meta property=\"og:type\" content=\"article\" \/>\n<meta property=\"og:title\" content=\"\u00bfQuienes Somos? - Healing Clinic Turkey\" \/>\n<meta property=\"og:description\" content=\"[vc_row full_width=&#8221;stretch_row&#8221; css=&#8221;.vc_custom_1560248330930{padding-top: 111px !important;}&#8221; el_id=&#8221;about&#8221;][vc_column width=&#8221;1\/2&#8243; css=&#8221;.vc_custom_1556273668036{padding-top: 0px !important;}&#8221;][ct_heading text=&#8221;\u00bfPor qu\u00e9 eligirnos?&#8220; \u2714 La salud y la seguridad son nuestro primer objetivo. \u2714 Garantimus su satisfacci\u00f3n \u2714 Cumplimos con sus expectativas \u2714 Garantizamos su privacidad&#8221; font_size_sm=&#8221;24&#8243; font_size_xs=&#8221;24&#8243; font_weight=&#8221;&#8221; subtitle=&#8221;\u00bfQuienes Somos?&#8221; description_font_weight=&#8221;inherit&#8221; margin_bottom=&#8221;0&#8243;][vc_column_text css=&#8221;.vc_custom_1649109492085{margin-top: 25px !important;margin-bottom: 40px !important;}&#8221; el_class=&#8221;text-block&#8221;]Healing Clinic es una cl\u00ednica est\u00e9tica establecida...\" \/>\n<meta property=\"og:url\" content=\"https:\/\/healingclinicturkey.com\/about-us\/\" \/>\n<meta property=\"og:site_name\" content=\"Healing Clinic Turkey\" \/>\n<meta property=\"article:modified_time\" content=\"2022-04-04T22:08:49+00:00\" \/>\n<meta name=\"twitter:card\" content=\"summary_large_image\" \/>\n<meta name=\"twitter:label1\" content=\"Tiempo de lectura\" \/>\n\t<meta name=\"twitter:data1\" content=\"2 minutos\" \/>\n<script type=\"application\/ld+json\" class=\"yoast-schema-graph\">{\"@context\":\"https:\\\/\\\/schema.org\",\"@graph\":[{\"@type\":\"WebPage\",\"@id\":\"https:\\\/\\\/healingclinicturkey.com\\\/about-us\\\/\",\"url\":\"https:\\\/\\\/healingclinicturkey.com\\\/about-us\\\/\",\"name\":\"\u00bfQuienes Somos? - Healing Clinic Turkey\",\"isPartOf\":{\"@id\":\"https:\\\/\\\/healingclinicturkey.com\\\/#website\"},\"datePublished\":\"2020-09-21T21:56:15+00:00\",\"dateModified\":\"2022-04-04T22:08:49+00:00\",\"breadcrumb\":{\"@id\":\"https:\\\/\\\/healingclinicturkey.com\\\/about-us\\\/#breadcrumb\"},\"inLanguage\":\"es\",\"potentialAction\":[{\"@type\":\"ReadAction\",\"target\":[\"https:\\\/\\\/healingclinicturkey.com\\\/about-us\\\/\"]}]},{\"@type\":\"BreadcrumbList\",\"@id\":\"https:\\\/\\\/healingclinicturkey.com\\\/about-us\\\/#breadcrumb\",\"itemListElement\":[{\"@type\":\"ListItem\",\"position\":1,\"name\":\"Home\",\"item\":\"https:\\\/\\\/healingclinicturkey.com\\\/es\\\/\"},{\"@type\":\"ListItem\",\"position\":2,\"name\":\"\u00bfQuienes Somos?\"}]},{\"@type\":\"WebSite\",\"@id\":\"https:\\\/\\\/healingclinicturkey.com\\\/#website\",\"url\":\"https:\\\/\\\/healingclinicturkey.com\\\/\",\"name\":\"Healing Clinic Turkey\",\"description\":\"\",\"publisher\":{\"@id\":\"https:\\\/\\\/healingclinicturkey.com\\\/#organization\"},\"potentialAction\":[{\"@type\":\"SearchAction\",\"target\":{\"@type\":\"EntryPoint\",\"urlTemplate\":\"https:\\\/\\\/healingclinicturkey.com\\\/?s={search_term_string}\"},\"query-input\":{\"@type\":\"PropertyValueSpecification\",\"valueRequired\":true,\"valueName\":\"search_term_string\"}}],\"inLanguage\":\"es\"},{\"@type\":\"Organization\",\"@id\":\"https:\\\/\\\/healingclinicturkey.com\\\/#organization\",\"name\":\"Healing Clinic\",\"url\":\"https:\\\/\\\/healingclinicturkey.com\\\/\",\"logo\":{\"@type\":\"ImageObject\",\"inLanguage\":\"es\",\"@id\":\"https:\\\/\\\/healingclinicturkey.com\\\/#\\\/schema\\\/logo\\\/image\\\/\",\"url\":\"https:\\\/\\\/healingclinicturkey.com\\\/wp-content\\\/uploads\\\/2024\\\/06\\\/HealingFinalLogo500x500.png\",\"contentUrl\":\"https:\\\/\\\/healingclinicturkey.com\\\/wp-content\\\/uploads\\\/2024\\\/06\\\/HealingFinalLogo500x500.png\",\"width\":500,\"height\":500,\"caption\":\"Healing Clinic\"},\"image\":{\"@id\":\"https:\\\/\\\/healingclinicturkey.com\\\/#\\\/schema\\\/logo\\\/image\\\/\"}}]}<\/script>\n<!-- \/ Yoast SEO plugin. -->","yoast_head_json":{"title":"\u00bfQuienes Somos? - Healing Clinic Turkey","robots":{"index":"index","follow":"follow","max-snippet":"max-snippet:-1","max-image-preview":"max-image-preview:large","max-video-preview":"max-video-preview:-1"},"canonical":"https:\/\/healingclinicturkey.com\/about-us\/","og_locale":"es_ES","og_type":"article","og_title":"\u00bfQuienes Somos? - Healing Clinic Turkey","og_description":"[vc_row full_width=&#8221;stretch_row&#8221; css=&#8221;.vc_custom_1560248330930{padding-top: 111px !important;}&#8221; el_id=&#8221;about&#8221;][vc_column width=&#8221;1\/2&#8243; css=&#8221;.vc_custom_1556273668036{padding-top: 0px !important;}&#8221;][ct_heading text=&#8221;\u00bfPor qu\u00e9 eligirnos?&#8220; \u2714 La salud y la seguridad son nuestro primer objetivo. \u2714 Garantimus su satisfacci\u00f3n \u2714 Cumplimos con sus expectativas \u2714 Garantizamos su privacidad&#8221; font_size_sm=&#8221;24&#8243; font_size_xs=&#8221;24&#8243; font_weight=&#8221;&#8221; subtitle=&#8221;\u00bfQuienes Somos?&#8221; description_font_weight=&#8221;inherit&#8221; margin_bottom=&#8221;0&#8243;][vc_column_text css=&#8221;.vc_custom_1649109492085{margin-top: 25px !important;margin-bottom: 40px !important;}&#8221; el_class=&#8221;text-block&#8221;]Healing Clinic es una cl\u00ednica est\u00e9tica establecida...","og_url":"https:\/\/healingclinicturkey.com\/about-us\/","og_site_name":"Healing Clinic Turkey","article_modified_time":"2022-04-04T22:08:49+00:00","twitter_card":"summary_large_image","twitter_misc":{"Tiempo de lectura":"2 minutos"},"schema":{"@context":"https:\/\/schema.org","@graph":[{"@type":"WebPage","@id":"https:\/\/healingclinicturkey.com\/about-us\/","url":"https:\/\/healingclinicturkey.com\/about-us\/","name":"\u00bfQuienes Somos? - Healing Clinic Turkey","isPartOf":{"@id":"https:\/\/healingclinicturkey.com\/#website"},"datePublished":"2020-09-21T21:56:15+00:00","dateModified":"2022-04-04T22:08:49+00:00","breadcrumb":{"@id":"https:\/\/healingclinicturkey.com\/about-us\/#breadcrumb"},"inLanguage":"es","potentialAction":[{"@type":"ReadAction","target":["https:\/\/healingclinicturkey.com\/about-us\/"]}]},{"@type":"BreadcrumbList","@id":"https:\/\/healingclinicturkey.com\/about-us\/#breadcrumb","itemListElement":[{"@type":"ListItem","position":1,"name":"Home","item":"https:\/\/healingclinicturkey.com\/es\/"},{"@type":"ListItem","position":2,"name":"\u00bfQuienes Somos?"}]},{"@type":"WebSite","@id":"https:\/\/healingclinicturkey.com\/#website","url":"https:\/\/healingclinicturkey.com\/","name":"Healing Clinic Turkey","description":"","publisher":{"@id":"https:\/\/healingclinicturkey.com\/#organization"},"potentialAction":[{"@type":"SearchAction","target":{"@type":"EntryPoint","urlTemplate":"https:\/\/healingclinicturkey.com\/?s={search_term_string}"},"query-input":{"@type":"PropertyValueSpecification","valueRequired":true,"valueName":"search_term_string"}}],"inLanguage":"es"},{"@type":"Organization","@id":"https:\/\/healingclinicturkey.com\/#organization","name":"Healing Clinic","url":"https:\/\/healingclinicturkey.com\/","logo":{"@type":"ImageObject","inLanguage":"es","@id":"https:\/\/healingclinicturkey.com\/#\/schema\/logo\/image\/","url":"https:\/\/healingclinicturkey.com\/wp-content\/uploads\/2024\/06\/HealingFinalLogo500x500.png","contentUrl":"https:\/\/healingclinicturkey.com\/wp-content\/uploads\/2024\/06\/HealingFinalLogo500x500.png","width":500,"height":500,"caption":"Healing Clinic"},"image":{"@id":"https:\/\/healingclinicturkey.com\/#\/schema\/logo\/image\/"}}]}},"_links":{"self":[{"href":"https:\/\/healingclinicturkey.com\/es\/wp-json\/wp\/v2\/pages\/8564","targetHints":{"allow":["GET"]}}],"collection":[{"href":"https:\/\/healingclinicturkey.com\/es\/wp-json\/wp\/v2\/pages"}],"about":[{"href":"https:\/\/healingclinicturkey.com\/es\/wp-json\/wp\/v2\/types\/page"}],"author":[{"embeddable":true,"href":"https:\/\/healingclinicturkey.com\/es\/wp-json\/wp\/v2\/users\/1"}],"replies":[{"embeddable":true,"href":"https:\/\/healingclinicturkey.com\/es\/wp-json\/wp\/v2\/comments?post=8564"}],"version-history":[{"count":2,"href":"https:\/\/healingclinicturkey.com\/es\/wp-json\/wp\/v2\/pages\/8564\/revisions"}],"predecessor-version":[{"id":8569,"href":"https:\/\/healingclinicturkey.com\/es\/wp-json\/wp\/v2\/pages\/8564\/revisions\/8569"}],"wp:attachment":[{"href":"https:\/\/healingclinicturkey.com\/es\/wp-json\/wp\/v2\/media?parent=8564"}],"curies":[{"name":"wp","href":"https:\/\/api.w.org\/{rel}","templated":true}]}}