{"id":6267,"date":"2019-06-12T02:22:11","date_gmt":"2019-06-12T02:22:11","guid":{"rendered":"https:\/\/healingclinicturkey.com\/about-us\/"},"modified":"2021-01-22T23:12:58","modified_gmt":"2021-01-22T23:12:58","slug":"about-us","status":"publish","type":"page","link":"https:\/\/healingclinicturkey.com\/fr\/about-us\/","title":{"rendered":"Qui sommes-nous ?"},"content":{"rendered":"<div class=\"wpb-content-wrapper\"><p>[vc_row full_width=&#8221;stretch_row&#8221; css=&#8221;.vc_custom_1560248330930{padding-top: 111px !important;}&#8221; el_id=&#8221;about&#8221;][vc_column width=&#8221;1\/2&#8243; css=&#8221;.vc_custom_1556273668036{padding-top: 0px !important;}&#8221;][ct_heading text=&#8221;<cite>Pourquoi nous choisir <\/cite><br \/>\n\u2714 La sant\u00e9 et la s\u00e9curit\u00e9 sont notre premier objectif<br \/>\n\u2714 On vous satisfait<br \/>\n\u2714 On correspond \u00e0 votre attente<br \/>\n\u2714 Confidentialit\u00e9 garantie&#8221; font_size_sm=&#8221;24&#8243; font_size_xs=&#8221;24&#8243; font_weight=&#8221;&#8221; subtitle=&#8221;Qui sommes-nous ?&#8221; description_font_weight=&#8221;inherit&#8221; margin_bottom=&#8221;0&#8243;][vc_column_text css=&#8221;.vc_custom_1611346833445{margin-top: 25px !important;margin-bottom: 40px !important;}&#8221; el_class=&#8221;text-block&#8221;]Healing Clinic est une clinique esth\u00e9tique cr\u00e9e par un personnel m\u00e9dical et administratif professionnel.<\/p>\n<p>Ce qui compte le plus pour Healing Clinic, c\u2019est la sant\u00e9 du patient. On s\u2019efforce de r\u00e9pondre aux attentes de tous les patients proportionnellement aux normes esth\u00e9tiques internationales, mais naturelles en m\u00eame temps. On vous propose de meilleures solutions proches de la nature selon notre exp\u00e9rience esth\u00e9tique et les crit\u00e8res internationales[\/vc_column_text][vc_row_inner][vc_column_inner ct_column_inner_class=&#8221;rm-padding-md&#8221; offset=&#8221;vc_col-lg-6 vc_col-md-6&#8243; css=&#8221;.vc_custom_1547049514691{padding-right: 0px !important;}&#8221;][ct_fancybox title_color=&#8221;#000000&#8243; icon_list=&#8221;fontawesome5&#8243; icon_fontawesome5=&#8221;fac fac-backpack&#8221; title=&#8221;Notre mission&#8221; description=&#8221;\u00c0 Healing Clinic, notre mission essentielle est d\u2019atteindre la satisfaction du patient en garantissant tout ce qu\u2019il n\u00e9cessite pour une proc\u00e9dure esth\u00e9tique en Turquie, avec les crit\u00e8res les plus hauts de qualit\u00e9 et de soins m\u00e9dicaux, \u00e0 prix raisonnable. Cela \u00e9tant, on garantit la satisfaction du patient et on r\u00e9alise ce dont il r\u00eave en changeant sa vie pour le mieux.&#8221;][\/vc_column_inner][vc_column_inner ct_column_inner_class=&#8221;rm-padding-md&#8221; offset=&#8221;vc_col-lg-6 vc_col-md-6&#8243; css=&#8221;.vc_custom_1547049521680{padding-right: 0px !important;}&#8221;][ct_fancybox title_color=&#8221;#000000&#8243; icon_fontawesome=&#8221;fas fa-eye&#8221; title=&#8221;Notre vision&#8221; description=&#8221;\u00c0 Healing Clinic, nous sommes parmi les meilleurs dans le domaine de l\u2019esth\u00e9tique en Turquie. On vise \u00e0 devenir les premiers mondialement et \u00e0 \u00eatre la clinique la plus satisfaisante pour les patients.<br \/>\nS\u2019il y a des questions, veuillez nous contacter. &#8220;][\/vc_column_inner][\/vc_row_inner][vc_raw_html css=&#8221;.vc_custom_1611347015549{margin-bottom: 31px !important;}&#8221;]JTNDZGl2JTIwY2xhc3MlM0QlMjJjYWxsLXVzJTIyJTNFJTBBJTA5UyVFMiU4MCU5OWlsJTIweSUyMGElMjBkZSUyMHF1ZXN0aW9ucyUyMCUzQ2ElMjBocmVmJTNEJTIyaHR0cHMlM0ElMkYlMkZoZWFsaW5nY2xpbmljdHVya2V5LmNvbSUyRmNvbnRhY3QlMkYlMjMlMjIlM0Vjb250YWN0ZXIlMjBwYXIlMjAlM0MlMkZhJTNFJTIwJTNDc3BhbiUyMGNsYXNzJTNEJTIyY2FsbC1udW1iZXIlMjIlM0UlMkI5MCUyMDU1MiUyMDIzMyUyMDk5JTIwMzMlMjAlM0MlMkZzcGFuJTNFJTBBJTNDJTJGZGl2JTNF[\/vc_raw_html][vc_separator color=&#8221;custom&#8221; style=&#8221;dashed&#8221; accent_color=&#8221;#b7b7b7&#8243; css=&#8221;.vc_custom_1547050658861{margin-bottom: 23px !important;}&#8221;][\/vc_column][vc_column width=&#8221;1\/2&#8243; ct_column_class=&#8221;rm-padding-lg&#8221; css=&#8221;.vc_custom_1556273894464{padding-top: 65px !important;padding-right: 30px !important;padding-left: 50px !important;}&#8221;][vc_row_inner][vc_column_inner ct_column_inner_class=&#8221;rm-padding-md&#8221; css=&#8221;.vc_custom_1556273819248{padding-top: 0px !important;}&#8221; animation_column=&#8221;fadeInRight&#8221;][ct_single_image single_image=&#8221;3025&#8243;][\/vc_column_inner][\/vc_row_inner][vc_row_inner][vc_column_inner css=&#8221;.vc_custom_1547132842737{padding-top: 56px !important;}&#8221; offset=&#8221;vc_col-lg-4 vc_col-md-4&#8243;][ct_counter title=&#8221;Patients satisfaits&#8221; digit=&#8221;2000&#8243; suffix=&#8221;+&#8221;][\/vc_column_inner][vc_column_inner css=&#8221;.vc_custom_1547132858148{padding-top: 56px !important;}&#8221; offset=&#8221;vc_col-lg-4 vc_col-md-4&#8243;][ct_counter title=&#8221;Ann\u00e9es d\u2019exp\u00e9rience&#8221; digit=&#8221;7&#8243; suffix=&#8221;+&#8221;][\/vc_column_inner][vc_column_inner css=&#8221;.vc_custom_1547132867871{padding-top: 56px !important;}&#8221; offset=&#8221;vc_col-lg-4 vc_col-md-4&#8243;][ct_counter title=&#8221;Prix&#8221; digit=&#8221;12&#8243; suffix=&#8221;+&#8221;][\/vc_column_inner][\/vc_row_inner][\/vc_column][\/vc_row][vc_row el_id=&#8221;services&#8221; el_class=&#8221;data-offset-lg&#8221;][vc_column css=&#8221;.vc_custom_1560660702761{padding-top: 82px !important;padding-bottom: 90px !important;}&#8221; el_class=&#8221;rm-margin-top-md&#8221;][ct_services_carousel testimonial_item=&#8221;%5B%7B%22title%22%3A%22Greffe%20de%20cheveux%22%2C%22sub_title%22%3A%22Hair%20Transplant%20Services%22%2C%22icon%22%3A%222941%22%2C%22icon_hover%22%3A%222941%22%2C%22item_link%22%3A%22url%3Ahttps%253A%252F%252Fhealingclinicturkey.com%252Fhair-transplant-operations%7Ctitle%3AHair%2520Transplant%2520Services%7C%7C%22%7D%2C%7B%22title%22%3A%22Greffe%20de%20barbe%20%22%2C%22sub_title%22%3A%22Hair%20Transplant%20Services%22%2C%22icon%22%3A%222938%22%2C%22icon_hover%22%3A%222938%22%2C%22item_link%22%3A%22url%3Ahttps%253A%252F%252Fhealingclinicturkey.com%252Fhair-transplant-operations%7Ctitle%3AHair%2520Transplant%2520Services%7C%7C%22%7D%2C%7B%22title%22%3A%22Rhinoplastie%20%22%2C%22sub_title%22%3A%22Plastic%20Surgeries%20Services%22%2C%22icon%22%3A%222946%22%2C%22icon_hover%22%3A%222946%22%2C%22item_link%22%3A%22url%3Ahttps%253A%252F%252Fhealingclinicturkey.com%252Fplastic-surgeries%252F%7Ctitle%3APlastic%2520Surgeries%2520Services%7C%7C%22%7D%2C%7B%22title%22%3A%22Augmentation%20mammaire%22%2C%22sub_title%22%3A%22Plastic%20Surgeries%20Services%22%2C%22icon%22%3A%222949%22%2C%22icon_hover%22%3A%222949%22%2C%22item_link%22%3A%22url%3Ahttps%253A%252F%252Fhealingclinicturkey.com%252Fplastic-surgeries%252F%7Ctitle%3APlastic%2520Surgeries%2520Services%7C%7C%22%7D%2C%7B%22title%22%3A%22Sourire%20hollywoodien%22%2C%22sub_title%22%3A%22Dental%20Services%22%2C%22icon%22%3A%222953%22%2C%22icon_hover%22%3A%222953%22%2C%22item_link%22%3A%22url%3Ahttps%253A%252F%252Fhealingclinicturkey.com%252Fcosmetic-dentistry%252F%7Ctitle%3ADental%2520Services%7C%7C%22%7D%2C%7B%22title%22%3A%22L%E2%80%99ob%C3%A9sit%C3%A9%22%2C%22sub_title%22%3A%22Plastic%20Surgeries%22%2C%22icon%22%3A%222955%22%2C%22icon_hover%22%3A%222955%22%2C%22item_link%22%3A%22url%3Ahttps%253A%252F%252Fhealingclinicturkey.com%252Fplastic-surgeries%252F%7Ctitle%3APlastic%2520Surgeries%2520Services%7C%7C%22%7D%5D&#8221; col_xs=&#8221;1&#8243; col_sm=&#8221;2&#8243; col_md=&#8221;4&#8243; col_lg=&#8221;5&#8243; col_xl=&#8221;5&#8243; margin=&#8221;0&#8243; loop=&#8221;true&#8221; autoplay=&#8221;true&#8221; autoplay_timeout=&#8221;10000&#8243; smart_speed=&#8221;500&#8243; arrows=&#8221;true&#8221;][\/vc_column][\/vc_row][vc_row full_width=&#8221;stretch_row_content_no_spaces&#8221; bg_image_position=&#8221;bg-image-ps-center&#8221; css=&#8221;.vc_custom_1557803813345{background: #e7f2fc url(http:\/\/demo.casethemes.net\/multio-medical\/wp-content\/uploads\/2019\/05\/map.png?id=1147) !important;background-position: 0 0 !important;background-repeat: no-repeat !important;}&#8221; el_id=&#8221;testimonials&#8221;][vc_column ct_column_class=&#8221;rm-padding-md&#8221; css=&#8221;.vc_custom_1557825253890{padding-top: 115px !important;padding-bottom: 126px !important;}&#8221;][ct_heading text=&#8221;Nous sommes l\u00e0 pour vous offrir les meilleurs services garantissant votre satisfaction avec notre exp\u00e9rience prolong\u00e9e <cite>de 7 ans<\/cite>&#8221; align_lg=&#8221;align-center&#8221; align_md=&#8221;align-center-md&#8221; align_sm=&#8221;align-center-sm&#8221; align_xs=&#8221;align-center-xs&#8221; font_weight=&#8221;&#8221; subtitle=&#8221;Temoignages et commentaires&#8221; description_font_weight=&#8221;inherit&#8221; margin_bottom=&#8221;55&#8243;][ct_testimonial_carousel testimonial_item=&#8221;%5B%7B%22title%22%3A%22Mohammad%20Adam%22%2C%22content%22%3A%22Merci%20pour%20m%E2%80%99aider%20%C3%A0%20traiter%20mes%20dents.%20Je%20recommande%20Healing%20Clinic%20apr%C3%A8s%20mon%20exp%C3%A9rience%20tr%C3%A8s%20fructueuse.%20Vous%20%C3%AAtes%20les%20meilleurs.%20%22%2C%22image%22%3A%221153%22%2C%22rating%22%3A%22star5%22%7D%2C%7B%22title%22%3A%22Waleed%20Ahmad%22%2C%22content%22%3A%22J%E2%80%99ai%20perdu%20vers%2030%20kg%20apr%C3%A8s%20l%E2%80%99op%C3%A9ration.%20Les%20meilleurs%20services%20pour%20l%E2%80%99ob%C3%A9sit%C3%A9.%20Merci%20beaucoup%20pour%20tout%2C%20sp%C3%A9cialement%20les%20r%C3%A9sultats%20et%20le%20professionnalisme%20de%20tous%20les%20employ%C3%A9s%20et%20traducteurs%20%22%2C%22image%22%3A%221152%22%2C%22rating%22%3A%22star5%22%7D%2C%7B%22title%22%3A%22Lina%20Doris%22%2C%22content%22%3A%22Je%20voudrais%20recommander%20les%20chirurgies%20esth%C3%A9tiques%20de%20Healing%20Clinic%20qui%20m%E2%80%99ont%20fait%20aimer%20ce%20que%20je%20suis%20maintenant.%22%2C%22image%22%3A%22353%22%2C%22rating%22%3A%22star5%22%7D%5D&#8221; col_xs=&#8221;1&#8243; col_sm=&#8221;1&#8243; col_md=&#8221;3&#8243; col_lg=&#8221;3&#8243; col_xl=&#8221;4&#8243; margin=&#8221;60&#8243; loop=&#8221;true&#8221; autoplay=&#8221;true&#8221; autoplay_timeout=&#8221;10000&#8243; smart_speed=&#8221;500&#8243; center=&#8221;true&#8221;][\/vc_column][\/vc_row]<\/p>\n<\/div>","protected":false},"excerpt":{"rendered":"<p>[vc_row full_width=&#8221;stretch_row&#8221; css=&#8221;.vc_custom_1560248330930{padding-top: 111px !important;}&#8221; el_id=&#8221;about&#8221;][vc_column width=&#8221;1\/2&#8243; css=&#8221;.vc_custom_1556273668036{padding-top: 0px !important;}&#8221;][ct_heading text=&#8221;Pourquoi nous choisir \u2714 La sant\u00e9 et la s\u00e9curit\u00e9 sont notre premier objectif \u2714 On vous satisfait \u2714 On correspond \u00e0 votre attente \u2714 Confidentialit\u00e9 garantie&#8221; font_size_sm=&#8221;24&#8243; font_size_xs=&#8221;24&#8243; font_weight=&#8221;&#8221; subtitle=&#8221;Qui sommes-nous ?&#8221; description_font_weight=&#8221;inherit&#8221; margin_bottom=&#8221;0&#8243;][vc_column_text css=&#8221;.vc_custom_1611346833445{margin-top: 25px !important;margin-bottom: 40px !important;}&#8221; el_class=&#8221;text-block&#8221;]Healing Clinic est une clinique esth\u00e9tique&#8230;<\/p>\n","protected":false},"author":1,"featured_media":0,"parent":0,"menu_order":0,"comment_status":"closed","ping_status":"closed","template":"","meta":{"footnotes":""},"class_list":["post-6267","page","type-page","status-publish","hentry"],"yoast_head":"<!-- This site is optimized with the Yoast SEO plugin v27.3 - https:\/\/yoast.com\/product\/yoast-seo-wordpress\/ -->\n<title>Qui sommes-nous ? - Healing Clinic Turkey<\/title>\n<meta name=\"robots\" content=\"index, follow, max-snippet:-1, max-image-preview:large, max-video-preview:-1\" \/>\n<link rel=\"canonical\" href=\"https:\/\/healingclinicturkey.com\/about-us\/\" \/>\n<meta property=\"og:locale\" content=\"fr_FR\" \/>\n<meta property=\"og:type\" content=\"article\" \/>\n<meta property=\"og:title\" content=\"Qui sommes-nous ? - Healing Clinic Turkey\" \/>\n<meta property=\"og:description\" content=\"[vc_row full_width=&#8221;stretch_row&#8221; css=&#8221;.vc_custom_1560248330930{padding-top: 111px !important;}&#8221; el_id=&#8221;about&#8221;][vc_column width=&#8221;1\/2&#8243; css=&#8221;.vc_custom_1556273668036{padding-top: 0px !important;}&#8221;][ct_heading text=&#8221;Pourquoi nous choisir \u2714 La sant\u00e9 et la s\u00e9curit\u00e9 sont notre premier objectif \u2714 On vous satisfait \u2714 On correspond \u00e0 votre attente \u2714 Confidentialit\u00e9 garantie&#8221; font_size_sm=&#8221;24&#8243; font_size_xs=&#8221;24&#8243; font_weight=&#8221;&#8221; subtitle=&#8221;Qui sommes-nous ?&#8221; description_font_weight=&#8221;inherit&#8221; margin_bottom=&#8221;0&#8243;][vc_column_text css=&#8221;.vc_custom_1611346833445{margin-top: 25px !important;margin-bottom: 40px !important;}&#8221; el_class=&#8221;text-block&#8221;]Healing Clinic est une clinique esth\u00e9tique...\" \/>\n<meta property=\"og:url\" content=\"https:\/\/healingclinicturkey.com\/about-us\/\" \/>\n<meta property=\"og:site_name\" content=\"Healing Clinic Turkey\" \/>\n<meta property=\"article:modified_time\" content=\"2021-01-22T23:12:58+00:00\" \/>\n<meta name=\"twitter:card\" content=\"summary_large_image\" \/>\n<meta name=\"twitter:label1\" content=\"Dur\u00e9e de lecture estim\u00e9e\" \/>\n\t<meta name=\"twitter:data1\" content=\"6 minutes\" \/>\n<script type=\"application\/ld+json\" class=\"yoast-schema-graph\">{\"@context\":\"https:\\\/\\\/schema.org\",\"@graph\":[{\"@type\":\"WebPage\",\"@id\":\"https:\\\/\\\/healingclinicturkey.com\\\/about-us\\\/\",\"url\":\"https:\\\/\\\/healingclinicturkey.com\\\/about-us\\\/\",\"name\":\"Qui sommes-nous ? - Healing Clinic Turkey\",\"isPartOf\":{\"@id\":\"https:\\\/\\\/healingclinicturkey.com\\\/#website\"},\"datePublished\":\"2019-06-12T02:22:11+00:00\",\"dateModified\":\"2021-01-22T23:12:58+00:00\",\"breadcrumb\":{\"@id\":\"https:\\\/\\\/healingclinicturkey.com\\\/about-us\\\/#breadcrumb\"},\"inLanguage\":\"fr-FR\",\"potentialAction\":[{\"@type\":\"ReadAction\",\"target\":[\"https:\\\/\\\/healingclinicturkey.com\\\/about-us\\\/\"]}]},{\"@type\":\"BreadcrumbList\",\"@id\":\"https:\\\/\\\/healingclinicturkey.com\\\/about-us\\\/#breadcrumb\",\"itemListElement\":[{\"@type\":\"ListItem\",\"position\":1,\"name\":\"Home\",\"item\":\"https:\\\/\\\/healingclinicturkey.com\\\/fr\\\/\"},{\"@type\":\"ListItem\",\"position\":2,\"name\":\"Qui sommes-nous ?\"}]},{\"@type\":\"WebSite\",\"@id\":\"https:\\\/\\\/healingclinicturkey.com\\\/#website\",\"url\":\"https:\\\/\\\/healingclinicturkey.com\\\/\",\"name\":\"Healing Clinic Turkey\",\"description\":\"\",\"publisher\":{\"@id\":\"https:\\\/\\\/healingclinicturkey.com\\\/#organization\"},\"potentialAction\":[{\"@type\":\"SearchAction\",\"target\":{\"@type\":\"EntryPoint\",\"urlTemplate\":\"https:\\\/\\\/healingclinicturkey.com\\\/?s={search_term_string}\"},\"query-input\":{\"@type\":\"PropertyValueSpecification\",\"valueRequired\":true,\"valueName\":\"search_term_string\"}}],\"inLanguage\":\"fr-FR\"},{\"@type\":\"Organization\",\"@id\":\"https:\\\/\\\/healingclinicturkey.com\\\/#organization\",\"name\":\"Healing Clinic\",\"url\":\"https:\\\/\\\/healingclinicturkey.com\\\/\",\"logo\":{\"@type\":\"ImageObject\",\"inLanguage\":\"fr-FR\",\"@id\":\"https:\\\/\\\/healingclinicturkey.com\\\/#\\\/schema\\\/logo\\\/image\\\/\",\"url\":\"https:\\\/\\\/healingclinicturkey.com\\\/wp-content\\\/uploads\\\/2024\\\/06\\\/HealingFinalLogo500x500.png\",\"contentUrl\":\"https:\\\/\\\/healingclinicturkey.com\\\/wp-content\\\/uploads\\\/2024\\\/06\\\/HealingFinalLogo500x500.png\",\"width\":500,\"height\":500,\"caption\":\"Healing Clinic\"},\"image\":{\"@id\":\"https:\\\/\\\/healingclinicturkey.com\\\/#\\\/schema\\\/logo\\\/image\\\/\"}}]}<\/script>\n<!-- \/ Yoast SEO plugin. -->","yoast_head_json":{"title":"Qui sommes-nous ? - Healing Clinic Turkey","robots":{"index":"index","follow":"follow","max-snippet":"max-snippet:-1","max-image-preview":"max-image-preview:large","max-video-preview":"max-video-preview:-1"},"canonical":"https:\/\/healingclinicturkey.com\/about-us\/","og_locale":"fr_FR","og_type":"article","og_title":"Qui sommes-nous ? - Healing Clinic Turkey","og_description":"[vc_row full_width=&#8221;stretch_row&#8221; css=&#8221;.vc_custom_1560248330930{padding-top: 111px !important;}&#8221; el_id=&#8221;about&#8221;][vc_column width=&#8221;1\/2&#8243; css=&#8221;.vc_custom_1556273668036{padding-top: 0px !important;}&#8221;][ct_heading text=&#8221;Pourquoi nous choisir \u2714 La sant\u00e9 et la s\u00e9curit\u00e9 sont notre premier objectif \u2714 On vous satisfait \u2714 On correspond \u00e0 votre attente \u2714 Confidentialit\u00e9 garantie&#8221; font_size_sm=&#8221;24&#8243; font_size_xs=&#8221;24&#8243; font_weight=&#8221;&#8221; subtitle=&#8221;Qui sommes-nous ?&#8221; description_font_weight=&#8221;inherit&#8221; margin_bottom=&#8221;0&#8243;][vc_column_text css=&#8221;.vc_custom_1611346833445{margin-top: 25px !important;margin-bottom: 40px !important;}&#8221; el_class=&#8221;text-block&#8221;]Healing Clinic est une clinique esth\u00e9tique...","og_url":"https:\/\/healingclinicturkey.com\/about-us\/","og_site_name":"Healing Clinic Turkey","article_modified_time":"2021-01-22T23:12:58+00:00","twitter_card":"summary_large_image","twitter_misc":{"Dur\u00e9e de lecture estim\u00e9e":"6 minutes"},"schema":{"@context":"https:\/\/schema.org","@graph":[{"@type":"WebPage","@id":"https:\/\/healingclinicturkey.com\/about-us\/","url":"https:\/\/healingclinicturkey.com\/about-us\/","name":"Qui sommes-nous ? - Healing Clinic Turkey","isPartOf":{"@id":"https:\/\/healingclinicturkey.com\/#website"},"datePublished":"2019-06-12T02:22:11+00:00","dateModified":"2021-01-22T23:12:58+00:00","breadcrumb":{"@id":"https:\/\/healingclinicturkey.com\/about-us\/#breadcrumb"},"inLanguage":"fr-FR","potentialAction":[{"@type":"ReadAction","target":["https:\/\/healingclinicturkey.com\/about-us\/"]}]},{"@type":"BreadcrumbList","@id":"https:\/\/healingclinicturkey.com\/about-us\/#breadcrumb","itemListElement":[{"@type":"ListItem","position":1,"name":"Home","item":"https:\/\/healingclinicturkey.com\/fr\/"},{"@type":"ListItem","position":2,"name":"Qui sommes-nous ?"}]},{"@type":"WebSite","@id":"https:\/\/healingclinicturkey.com\/#website","url":"https:\/\/healingclinicturkey.com\/","name":"Healing Clinic Turkey","description":"","publisher":{"@id":"https:\/\/healingclinicturkey.com\/#organization"},"potentialAction":[{"@type":"SearchAction","target":{"@type":"EntryPoint","urlTemplate":"https:\/\/healingclinicturkey.com\/?s={search_term_string}"},"query-input":{"@type":"PropertyValueSpecification","valueRequired":true,"valueName":"search_term_string"}}],"inLanguage":"fr-FR"},{"@type":"Organization","@id":"https:\/\/healingclinicturkey.com\/#organization","name":"Healing Clinic","url":"https:\/\/healingclinicturkey.com\/","logo":{"@type":"ImageObject","inLanguage":"fr-FR","@id":"https:\/\/healingclinicturkey.com\/#\/schema\/logo\/image\/","url":"https:\/\/healingclinicturkey.com\/wp-content\/uploads\/2024\/06\/HealingFinalLogo500x500.png","contentUrl":"https:\/\/healingclinicturkey.com\/wp-content\/uploads\/2024\/06\/HealingFinalLogo500x500.png","width":500,"height":500,"caption":"Healing Clinic"},"image":{"@id":"https:\/\/healingclinicturkey.com\/#\/schema\/logo\/image\/"}}]}},"_links":{"self":[{"href":"https:\/\/healingclinicturkey.com\/fr\/wp-json\/wp\/v2\/pages\/6267","targetHints":{"allow":["GET"]}}],"collection":[{"href":"https:\/\/healingclinicturkey.com\/fr\/wp-json\/wp\/v2\/pages"}],"about":[{"href":"https:\/\/healingclinicturkey.com\/fr\/wp-json\/wp\/v2\/types\/page"}],"author":[{"embeddable":true,"href":"https:\/\/healingclinicturkey.com\/fr\/wp-json\/wp\/v2\/users\/1"}],"replies":[{"embeddable":true,"href":"https:\/\/healingclinicturkey.com\/fr\/wp-json\/wp\/v2\/comments?post=6267"}],"version-history":[{"count":4,"href":"https:\/\/healingclinicturkey.com\/fr\/wp-json\/wp\/v2\/pages\/6267\/revisions"}],"predecessor-version":[{"id":6291,"href":"https:\/\/healingclinicturkey.com\/fr\/wp-json\/wp\/v2\/pages\/6267\/revisions\/6291"}],"wp:attachment":[{"href":"https:\/\/healingclinicturkey.com\/fr\/wp-json\/wp\/v2\/media?parent=6267"}],"curies":[{"name":"wp","href":"https:\/\/api.w.org\/{rel}","templated":true}]}}