{"id":6280,"date":"2019-06-16T03:44:10","date_gmt":"2019-06-16T03:44:10","guid":{"rendered":"https:\/\/healingclinicturkey.com\/our-services\/"},"modified":"2024-09-07T17:05:42","modified_gmt":"2024-09-07T14:05:42","slug":"our-services","status":"publish","type":"page","link":"https:\/\/healingclinicturkey.com\/fr\/our-services\/","title":{"rendered":"Nos Sevices"},"content":{"rendered":"<div class=\"wpb-content-wrapper\"><p>[vc_row full_width=&#8221;stretch_row&#8221; el_id=&#8221;services&#8221;][vc_column css=&#8221;.vc_custom_1560254936797{padding-top: 110px !important;padding-bottom: 85px !important;}&#8221;][ct_heading text=&#8221;Nous sommes l\u00e0 pour vous offrir les meilleurs services garantissant votre satisfaction avec notre exp\u00e9rience prolong\u00e9e<br \/>\n<cite>de 7 ans.<\/cite>&#8221; align_lg=&#8221;align-center&#8221; align_md=&#8221;align-center-md&#8221; align_sm=&#8221;align-center-sm&#8221; align_xs=&#8221;align-center-xs&#8221; font_weight=&#8221;&#8221; subtitle=&#8221;Healing Clinic est la meilleure&#8221; description_font_weight=&#8221;inherit&#8221; margin_bottom=&#8221;0&#8243;][vc_row_inner css=&#8221;.vc_custom_1725699097882{margin-bottom: 30px !important;}&#8221;][vc_column_inner width=&#8221;1\/2&#8243; css=&#8221;.vc_custom_1725707892601{padding-top: 30px !important;}&#8221; animation_column=&#8221;none&#8221;][ct_fancybox cms_template=&#8221;ct_fancybox&#8211;layout2.php&#8221; icon_type=&#8221;image&#8221; icon_image=&#8221;2931&#8243; icon_image_hover=&#8221;2931&#8243; link_item=&#8221;url:%2Ffr%2Fhair-transplant-services%2F|title:La%20greffe%20de%20cheveux&#8221; title=&#8221;La greffe de cheveux&#8221; description=&#8221;Les cheveux mettent en valeur la beaut\u00e9 chez les hommes et les femmes. Nous perdons naturellement plus de 100 cheveux par jour, atteignant 200 sans soins appropri\u00e9s.&#8221; animation=&#8221;fadeIn&#8221;][\/vc_column_inner][vc_column_inner width=&#8221;1\/2&#8243; css=&#8221;.vc_custom_1725702310332{padding-top: 30px !important;}&#8221;][ct_fancybox cms_template=&#8221;ct_fancybox&#8211;layout2.php&#8221; icon_type=&#8221;image&#8221; icon_image=&#8221;2252&#8243; icon_image_hover=&#8221;2252&#8243; link_item=&#8221;url:%2Ffr%2Fplastic-surgeries-services%2F|title:Les%20chirurgies%20esth%C3%A9tiques&#8221; title=&#8221;Les chirurgies esth\u00e9tiques&#8221; description=&#8221;La chirurgie plastique corrige les probl\u00e8mes faciaux et corporels, mettant en valeur la beaut\u00e9 naturelle. Autrefois inutile, elle est aujourd&#8217;hui essentielle pour beaucoup. Des id\u00e9es fausses entourent toujours ses avantages.&#8221; animation=&#8221;fadeIn&#8221;][\/vc_column_inner][\/vc_row_inner][vc_row_inner css=&#8221;.vc_custom_1725699097882{margin-bottom: 30px !important;}&#8221;][vc_column_inner width=&#8221;1\/2&#8243; css=&#8221;.vc_custom_1725707904482{padding-top: 30px !important;}&#8221; animation_column=&#8221;none&#8221;][ct_fancybox cms_template=&#8221;ct_fancybox&#8211;layout2.php&#8221; icon_type=&#8221;image&#8221; icon_image=&#8221;2953&#8243; icon_image_hover=&#8221;2953&#8243; link_item=&#8221;url:%2Ffr%2Fdental-services%2F|title:Esth%C3%A9tique%20dentaire&#8221; title=&#8221;Esth\u00e9tique dentaire<br \/>\n&#8221; description=&#8221;La dentisterie esth\u00e9tique est essentielle pour un beau sourire. Healing Clinic vous met en relation avec les meilleurs centres proposant des soins dentaires chirurgicaux et non chirurgicaux de haute qualit\u00e9.&#8221; animation=&#8221;fadeIn&#8221;][\/vc_column_inner][vc_column_inner width=&#8221;1\/2&#8243; css=&#8221;.vc_custom_1725702310332{padding-top: 30px !important;}&#8221;][ct_fancybox cms_template=&#8221;ct_fancybox&#8211;layout2.php&#8221; icon_type=&#8221;image&#8221; icon_image=&#8221;8909&#8243; icon_image_hover=&#8221;8909&#8243; link_item=&#8221;url:%2Ffr%2Fobesity-surgeries-services%2F|title:Chirurgies%20d%E2%80%99ob%C3%A9sit%C3%A9&#8243; title=&#8221;Chirurgies d\u2019ob\u00e9sit\u00e9&#8221; description=&#8221;Botox est d\u00e9sormais utilis\u00e9 pour traiter les troubles oculaires, digestifs, urinaires, musculo-squelettiques et cutan\u00e9s. Des \u00e9tudes montrent que le Botox gastrique aide \u00e0 l&#8217;ob\u00e9sit\u00e9 lorsque le r\u00e9gime alimentaire et l&#8217;exercice ne suffisent pas.&#8221; animation=&#8221;fadeIn&#8221;][\/vc_column_inner][\/vc_row_inner][\/vc_column][\/vc_row][vc_row el_id=&#8221;blog&#8221;][vc_column css=&#8221;.vc_custom_1557819325341{padding-top: 113px !important;padding-bottom: 90px !important;}&#8221;][vc_row_inner][vc_column_inner width=&#8221;1\/6&#8243; css=&#8221;.vc_custom_1557818160081{padding-top: 0px !important;}&#8221;][\/vc_column_inner][vc_column_inner width=&#8221;2\/3&#8243; ct_column_inner_class=&#8221;rm-padding-lg&#8221; css=&#8221;.vc_custom_1557819371641{padding-top: 0px !important;padding-right: 90px !important;padding-bottom: 32px !important;padding-left: 90px !important;}&#8221;][ct_heading text=&#8221;Apprenez quelque chose de plus sur le blog&#8221; align_lg=&#8221;align-center&#8221; align_md=&#8221;align-center-md&#8221; align_sm=&#8221;align-center-sm&#8221; align_xs=&#8221;align-center-xs&#8221; font_weight=&#8221;&#8221; subtitle=&#8221;Notre dernier blog&#8221; description_color=&#8221;#191514&#8243; description_font_weight=&#8221;inherit&#8221; margin_bottom=&#8221;21&#8243;][\/vc_column_inner][vc_column_inner width=&#8221;1\/6&#8243; css=&#8221;.vc_custom_1557818165320{padding-top: 0px !important;}&#8221;][\/vc_column_inner][\/vc_row_inner][ct_blog_carousel cms_template=&#8221;ct_blog_carousel&#8211;layout2.php&#8221; col_xs=&#8221;1&#8243; col_sm=&#8221;2&#8243; col_md=&#8221;3&#8243; col_lg=&#8221;3&#8243; col_xl=&#8221;3&#8243; loop=&#8221;true&#8221; autoplay=&#8221;true&#8221; arrows=&#8221;true&#8221; bullets=&#8221;true&#8221;][\/vc_column][\/vc_row][vc_row][vc_column css=&#8221;.vc_custom_1560256320214{padding-top: 27px !important;padding-bottom: 115px !important;}&#8221;][vc_row_inner css=&#8221;.vc_custom_1559614662148{padding-bottom: 52px !important;}&#8221;][vc_column_inner width=&#8221;1\/4&#8243; css=&#8221;.vc_custom_1560256400316{padding-top: 0px !important;}&#8221;][\/vc_column_inner][vc_column_inner width=&#8221;1\/2&#8243; ct_column_inner_class=&#8221;rm-padding-lg&#8221; css=&#8221;.vc_custom_1559614051124{padding-top: 0px !important;padding-right: 30px !important;padding-bottom: 0px !important;padding-left: 30px !important;}&#8221;][ct_heading text=&#8221;D\u00e9cidez-vous et faites le n\u00e9cessaire <cite>Pour refl\u00e9ter votre attirance<\/cite>&#8221; align_lg=&#8221;align-center&#8221; align_md=&#8221;align-center-md&#8221; align_sm=&#8221;align-center-sm&#8221; align_xs=&#8221;align-center-xs&#8221; font_size_sm=&#8221;24&#8243; font_size_xs=&#8221;24&#8243; font_weight=&#8221;&#8221; description_font_weight=&#8221;inherit&#8221; margin_bottom=&#8221;0&#8243; animation=&#8221;none&#8221;][\/vc_column_inner][vc_column_inner width=&#8221;1\/4&#8243; css=&#8221;.vc_custom_1559614057957{padding-top: 0px !important;}&#8221;][\/vc_column_inner][\/vc_row_inner][vc_row_inner][vc_column_inner width=&#8221;1\/2&#8243; css=&#8221;.vc_custom_1560256404990{padding-top: 0px !important;}&#8221;][ct_contact_form id=&#8221;1068&#8243; styles=&#8221;style2&#8243;][\/vc_column_inner][vc_column_inner width=&#8221;1\/2&#8243; ct_column_inner_class=&#8221;rm-padding-lg&#8221; css=&#8221;.vc_custom_1560256439978{padding-top: 0px !important;padding-right: 40px !important;padding-left: 40px !important;}&#8221;][vc_column_text]<\/p>\n<div id=\"ct-heading-3\" class=\"ct-heading style1 align-left align-left-md align-left-sm align-left-xs \">\n<h3 class=\"ct-heading-tag \" style=\"text-align: left;\">Pourquoi nous choisir ?<\/h3>\n<\/div>\n<h4 style=\"text-align: left;\">Healing Clinic est la meilleure<\/h4>\n<div class=\"wpb_text_column wpb_content_element \">\n<div class=\"wpb_wrapper\">\n<div class=\"wpb_text_column wpb_content_element vc_custom_1596655459365 text-block1\">\n<div class=\"wpb_wrapper\">\n<p style=\"text-align: left;\">Healing clinic offre une ambiance douce et confortable avec une excellente exp\u00e9rience dans le domaine de beaut\u00e9<\/p>\n<\/div>\n<\/div>\n<\/div>\n<\/div>\n<p>[\/vc_column_text][ct_list description_color=&#8221;#000000&#8243; icon_fontawesome=&#8221;far fa-check-circle&#8221; description_list=&#8221;La sant\u00e9 et la s\u00e9curit\u00e9 sont notre premier objectif&#8221;][ct_list description_color=&#8221;#000000&#8243; icon_fontawesome=&#8221;far fa-check-circle&#8221; description_list=&#8221;On vous satisfait&#8221;][ct_list description_color=&#8221;#000000&#8243; icon_fontawesome=&#8221;far fa-check-circle&#8221; description_list=&#8221;On correspond \u00e0 votre attente&#8221;][ct_list description_color=&#8221;#000000&#8243; icon_fontawesome=&#8221;far fa-check-circle&#8221; description_list=&#8221;Confidentialit\u00e9 garantie&#8221;][\/vc_column_inner][\/vc_row_inner][\/vc_column][\/vc_row]<\/p>\n<\/div>","protected":false},"excerpt":{"rendered":"<p>[vc_row full_width=&#8221;stretch_row&#8221; el_id=&#8221;services&#8221;][vc_column css=&#8221;.vc_custom_1560254936797{padding-top: 110px !important;padding-bottom: 85px !important;}&#8221;][ct_heading text=&#8221;Nous sommes l\u00e0 pour vous offrir les meilleurs services garantissant votre satisfaction avec notre exp\u00e9rience prolong\u00e9e de 7 ans.&#8221; align_lg=&#8221;align-center&#8221; align_md=&#8221;align-center-md&#8221; align_sm=&#8221;align-center-sm&#8221; align_xs=&#8221;align-center-xs&#8221; font_weight=&#8221;&#8221; subtitle=&#8221;Healing Clinic est la meilleure&#8221; description_font_weight=&#8221;inherit&#8221; margin_bottom=&#8221;0&#8243;][vc_row_inner css=&#8221;.vc_custom_1725699097882{margin-bottom: 30px !important;}&#8221;][vc_column_inner width=&#8221;1\/2&#8243; css=&#8221;.vc_custom_1725707892601{padding-top: 30px !important;}&#8221; animation_column=&#8221;none&#8221;][ct_fancybox cms_template=&#8221;ct_fancybox&#8211;layout2.php&#8221; icon_type=&#8221;image&#8221; icon_image=&#8221;2931&#8243; icon_image_hover=&#8221;2931&#8243; link_item=&#8221;url:%2Ffr%2Fhair-transplant-services%2F|title:La%20greffe%20de%20cheveux&#8221; title=&#8221;La greffe de&#8230;<\/p>\n","protected":false},"author":1,"featured_media":0,"parent":0,"menu_order":0,"comment_status":"closed","ping_status":"closed","template":"","meta":{"footnotes":""},"class_list":["post-6280","page","type-page","status-publish","hentry"],"yoast_head":"<!-- This site is optimized with the Yoast SEO plugin v27.3 - https:\/\/yoast.com\/product\/yoast-seo-wordpress\/ -->\n<title>Nos Sevices - Healing Clinic Turkey<\/title>\n<meta name=\"robots\" content=\"index, follow, max-snippet:-1, max-image-preview:large, max-video-preview:-1\" \/>\n<link rel=\"canonical\" href=\"https:\/\/healingclinicturkey.com\/fr\/our-services\/\" \/>\n<meta property=\"og:locale\" content=\"fr_FR\" \/>\n<meta property=\"og:type\" content=\"article\" \/>\n<meta property=\"og:title\" content=\"Nos Sevices - Healing Clinic Turkey\" \/>\n<meta property=\"og:description\" content=\"[vc_row full_width=&#8221;stretch_row&#8221; el_id=&#8221;services&#8221;][vc_column css=&#8221;.vc_custom_1560254936797{padding-top: 110px !important;padding-bottom: 85px !important;}&#8221;][ct_heading text=&#8221;Nous sommes l\u00e0 pour vous offrir les meilleurs services garantissant votre satisfaction avec notre exp\u00e9rience prolong\u00e9e de 7 ans.&#8221; align_lg=&#8221;align-center&#8221; align_md=&#8221;align-center-md&#8221; align_sm=&#8221;align-center-sm&#8221; align_xs=&#8221;align-center-xs&#8221; font_weight=&#8221;&#8221; subtitle=&#8221;Healing Clinic est la meilleure&#8221; description_font_weight=&#8221;inherit&#8221; margin_bottom=&#8221;0&#8243;][vc_row_inner css=&#8221;.vc_custom_1725699097882{margin-bottom: 30px !important;}&#8221;][vc_column_inner width=&#8221;1\/2&#8243; css=&#8221;.vc_custom_1725707892601{padding-top: 30px !important;}&#8221; animation_column=&#8221;none&#8221;][ct_fancybox cms_template=&#8221;ct_fancybox&#8211;layout2.php&#8221; icon_type=&#8221;image&#8221; icon_image=&#8221;2931&#8243; icon_image_hover=&#8221;2931&#8243; link_item=&#8221;url:%2Ffr%2Fhair-transplant-services%2F|title:La%20greffe%20de%20cheveux&#8221; title=&#8221;La greffe de...\" \/>\n<meta property=\"og:url\" content=\"https:\/\/healingclinicturkey.com\/fr\/our-services\/\" \/>\n<meta property=\"og:site_name\" content=\"Healing Clinic Turkey\" \/>\n<meta property=\"article:modified_time\" content=\"2024-09-07T14:05:42+00:00\" \/>\n<meta name=\"twitter:card\" content=\"summary_large_image\" \/>\n<meta name=\"twitter:label1\" content=\"Dur\u00e9e de lecture estim\u00e9e\" \/>\n\t<meta name=\"twitter:data1\" content=\"4 minutes\" \/>\n<script type=\"application\/ld+json\" class=\"yoast-schema-graph\">{\"@context\":\"https:\\\/\\\/schema.org\",\"@graph\":[{\"@type\":\"WebPage\",\"@id\":\"https:\\\/\\\/healingclinicturkey.com\\\/fr\\\/our-services\\\/\",\"url\":\"https:\\\/\\\/healingclinicturkey.com\\\/fr\\\/our-services\\\/\",\"name\":\"Nos Sevices - Healing Clinic Turkey\",\"isPartOf\":{\"@id\":\"https:\\\/\\\/healingclinicturkey.com\\\/#website\"},\"datePublished\":\"2019-06-16T03:44:10+00:00\",\"dateModified\":\"2024-09-07T14:05:42+00:00\",\"breadcrumb\":{\"@id\":\"https:\\\/\\\/healingclinicturkey.com\\\/fr\\\/our-services\\\/#breadcrumb\"},\"inLanguage\":\"fr-FR\",\"potentialAction\":[{\"@type\":\"ReadAction\",\"target\":[\"https:\\\/\\\/healingclinicturkey.com\\\/fr\\\/our-services\\\/\"]}]},{\"@type\":\"BreadcrumbList\",\"@id\":\"https:\\\/\\\/healingclinicturkey.com\\\/fr\\\/our-services\\\/#breadcrumb\",\"itemListElement\":[{\"@type\":\"ListItem\",\"position\":1,\"name\":\"Home\",\"item\":\"https:\\\/\\\/healingclinicturkey.com\\\/fr\\\/\"},{\"@type\":\"ListItem\",\"position\":2,\"name\":\"Nos Sevices\"}]},{\"@type\":\"WebSite\",\"@id\":\"https:\\\/\\\/healingclinicturkey.com\\\/#website\",\"url\":\"https:\\\/\\\/healingclinicturkey.com\\\/\",\"name\":\"Healing Clinic Turkey\",\"description\":\"\",\"publisher\":{\"@id\":\"https:\\\/\\\/healingclinicturkey.com\\\/#organization\"},\"potentialAction\":[{\"@type\":\"SearchAction\",\"target\":{\"@type\":\"EntryPoint\",\"urlTemplate\":\"https:\\\/\\\/healingclinicturkey.com\\\/?s={search_term_string}\"},\"query-input\":{\"@type\":\"PropertyValueSpecification\",\"valueRequired\":true,\"valueName\":\"search_term_string\"}}],\"inLanguage\":\"fr-FR\"},{\"@type\":\"Organization\",\"@id\":\"https:\\\/\\\/healingclinicturkey.com\\\/#organization\",\"name\":\"Healing Clinic\",\"url\":\"https:\\\/\\\/healingclinicturkey.com\\\/\",\"logo\":{\"@type\":\"ImageObject\",\"inLanguage\":\"fr-FR\",\"@id\":\"https:\\\/\\\/healingclinicturkey.com\\\/#\\\/schema\\\/logo\\\/image\\\/\",\"url\":\"https:\\\/\\\/healingclinicturkey.com\\\/wp-content\\\/uploads\\\/2024\\\/06\\\/HealingFinalLogo500x500.png\",\"contentUrl\":\"https:\\\/\\\/healingclinicturkey.com\\\/wp-content\\\/uploads\\\/2024\\\/06\\\/HealingFinalLogo500x500.png\",\"width\":500,\"height\":500,\"caption\":\"Healing Clinic\"},\"image\":{\"@id\":\"https:\\\/\\\/healingclinicturkey.com\\\/#\\\/schema\\\/logo\\\/image\\\/\"}}]}<\/script>\n<!-- \/ Yoast SEO plugin. -->","yoast_head_json":{"title":"Nos Sevices - Healing Clinic Turkey","robots":{"index":"index","follow":"follow","max-snippet":"max-snippet:-1","max-image-preview":"max-image-preview:large","max-video-preview":"max-video-preview:-1"},"canonical":"https:\/\/healingclinicturkey.com\/fr\/our-services\/","og_locale":"fr_FR","og_type":"article","og_title":"Nos Sevices - Healing Clinic Turkey","og_description":"[vc_row full_width=&#8221;stretch_row&#8221; el_id=&#8221;services&#8221;][vc_column css=&#8221;.vc_custom_1560254936797{padding-top: 110px !important;padding-bottom: 85px !important;}&#8221;][ct_heading text=&#8221;Nous sommes l\u00e0 pour vous offrir les meilleurs services garantissant votre satisfaction avec notre exp\u00e9rience prolong\u00e9e de 7 ans.&#8221; align_lg=&#8221;align-center&#8221; align_md=&#8221;align-center-md&#8221; align_sm=&#8221;align-center-sm&#8221; align_xs=&#8221;align-center-xs&#8221; font_weight=&#8221;&#8221; subtitle=&#8221;Healing Clinic est la meilleure&#8221; description_font_weight=&#8221;inherit&#8221; margin_bottom=&#8221;0&#8243;][vc_row_inner css=&#8221;.vc_custom_1725699097882{margin-bottom: 30px !important;}&#8221;][vc_column_inner width=&#8221;1\/2&#8243; css=&#8221;.vc_custom_1725707892601{padding-top: 30px !important;}&#8221; animation_column=&#8221;none&#8221;][ct_fancybox cms_template=&#8221;ct_fancybox&#8211;layout2.php&#8221; icon_type=&#8221;image&#8221; icon_image=&#8221;2931&#8243; icon_image_hover=&#8221;2931&#8243; link_item=&#8221;url:%2Ffr%2Fhair-transplant-services%2F|title:La%20greffe%20de%20cheveux&#8221; title=&#8221;La greffe de...","og_url":"https:\/\/healingclinicturkey.com\/fr\/our-services\/","og_site_name":"Healing Clinic Turkey","article_modified_time":"2024-09-07T14:05:42+00:00","twitter_card":"summary_large_image","twitter_misc":{"Dur\u00e9e de lecture estim\u00e9e":"4 minutes"},"schema":{"@context":"https:\/\/schema.org","@graph":[{"@type":"WebPage","@id":"https:\/\/healingclinicturkey.com\/fr\/our-services\/","url":"https:\/\/healingclinicturkey.com\/fr\/our-services\/","name":"Nos Sevices - Healing Clinic Turkey","isPartOf":{"@id":"https:\/\/healingclinicturkey.com\/#website"},"datePublished":"2019-06-16T03:44:10+00:00","dateModified":"2024-09-07T14:05:42+00:00","breadcrumb":{"@id":"https:\/\/healingclinicturkey.com\/fr\/our-services\/#breadcrumb"},"inLanguage":"fr-FR","potentialAction":[{"@type":"ReadAction","target":["https:\/\/healingclinicturkey.com\/fr\/our-services\/"]}]},{"@type":"BreadcrumbList","@id":"https:\/\/healingclinicturkey.com\/fr\/our-services\/#breadcrumb","itemListElement":[{"@type":"ListItem","position":1,"name":"Home","item":"https:\/\/healingclinicturkey.com\/fr\/"},{"@type":"ListItem","position":2,"name":"Nos Sevices"}]},{"@type":"WebSite","@id":"https:\/\/healingclinicturkey.com\/#website","url":"https:\/\/healingclinicturkey.com\/","name":"Healing Clinic Turkey","description":"","publisher":{"@id":"https:\/\/healingclinicturkey.com\/#organization"},"potentialAction":[{"@type":"SearchAction","target":{"@type":"EntryPoint","urlTemplate":"https:\/\/healingclinicturkey.com\/?s={search_term_string}"},"query-input":{"@type":"PropertyValueSpecification","valueRequired":true,"valueName":"search_term_string"}}],"inLanguage":"fr-FR"},{"@type":"Organization","@id":"https:\/\/healingclinicturkey.com\/#organization","name":"Healing Clinic","url":"https:\/\/healingclinicturkey.com\/","logo":{"@type":"ImageObject","inLanguage":"fr-FR","@id":"https:\/\/healingclinicturkey.com\/#\/schema\/logo\/image\/","url":"https:\/\/healingclinicturkey.com\/wp-content\/uploads\/2024\/06\/HealingFinalLogo500x500.png","contentUrl":"https:\/\/healingclinicturkey.com\/wp-content\/uploads\/2024\/06\/HealingFinalLogo500x500.png","width":500,"height":500,"caption":"Healing Clinic"},"image":{"@id":"https:\/\/healingclinicturkey.com\/#\/schema\/logo\/image\/"}}]}},"_links":{"self":[{"href":"https:\/\/healingclinicturkey.com\/fr\/wp-json\/wp\/v2\/pages\/6280","targetHints":{"allow":["GET"]}}],"collection":[{"href":"https:\/\/healingclinicturkey.com\/fr\/wp-json\/wp\/v2\/pages"}],"about":[{"href":"https:\/\/healingclinicturkey.com\/fr\/wp-json\/wp\/v2\/types\/page"}],"author":[{"embeddable":true,"href":"https:\/\/healingclinicturkey.com\/fr\/wp-json\/wp\/v2\/users\/1"}],"replies":[{"embeddable":true,"href":"https:\/\/healingclinicturkey.com\/fr\/wp-json\/wp\/v2\/comments?post=6280"}],"version-history":[{"count":5,"href":"https:\/\/healingclinicturkey.com\/fr\/wp-json\/wp\/v2\/pages\/6280\/revisions"}],"predecessor-version":[{"id":10802,"href":"https:\/\/healingclinicturkey.com\/fr\/wp-json\/wp\/v2\/pages\/6280\/revisions\/10802"}],"wp:attachment":[{"href":"https:\/\/healingclinicturkey.com\/fr\/wp-json\/wp\/v2\/media?parent=6280"}],"curies":[{"name":"wp","href":"https:\/\/api.w.org\/{rel}","templated":true}]}}