{"id":6303,"date":"2020-09-25T12:11:54","date_gmt":"2020-09-25T12:11:54","guid":{"rendered":"https:\/\/healingclinicturkey.com\/gallery\/"},"modified":"2025-08-30T10:32:35","modified_gmt":"2025-08-30T07:32:35","slug":"gallery","status":"publish","type":"page","link":"https:\/\/healingclinicturkey.com\/fr\/gallery\/","title":{"rendered":"Galerie"},"content":{"rendered":"<div class=\"wpb-content-wrapper\"><p>[vc_row][vc_column width=&#8221;1\/2&#8243;][ct_heading text=&#8221;Des moments inoubliables au c\u0153ur du jury d&#8217;un concours de beaut\u00e9&#8221; font_weight=&#8221;&#8221; description=&#8221;Vous \u00eates-vous d\u00e9j\u00e0 demand\u00e9 ce qui se passe dans les coulisses d&#8217;un concours de beaut\u00e9\u00a0? Dans cette vid\u00e9o, nous vous emmenons avec nous dans notre aventure en tant que juges.<br \/>\nNous vous montrerons l&#8217;excitation, les d\u00e9fis et les d\u00e9cisions difficiles que nous avons d\u00fb prendre pour couronner la candidate la plus belle et la plus talentueuse.&#8221; description_font_weight=&#8221;inherit&#8221;][ct_space space_lg=&#8221;50&#8243; space_md=&#8221;50&#8243; space_sm=&#8221;50&#8243; space_xs=&#8221;50&#8243;][\/vc_column][vc_column width=&#8221;1\/2&#8243;][vc_column_text css=&#8221;&#8221;]<\/p>\n<div style=\"width: 464px;\" class=\"wp-video\"><video class=\"wp-video-shortcode\" id=\"video-6303-1\" width=\"464\" height=\"848\" preload=\"metadata\" controls=\"controls\"><source type=\"video\/mp4\" src=\"https:\/\/healingclinicturkey.com\/wp-content\/uploads\/2025\/08\/queen.mp4?_=1\" \/><a href=\"https:\/\/healingclinicturkey.com\/wp-content\/uploads\/2025\/08\/queen.mp4\">https:\/\/healingclinicturkey.com\/wp-content\/uploads\/2025\/08\/queen.mp4<\/a><\/video><\/div>\n<p>[\/vc_column_text][\/vc_column][\/vc_row][vc_row][vc_column][ct_heading text=&#8221;Greffe de cheveux&#8221; align_lg=&#8221;align-center&#8221; align_md=&#8221;align-center-md&#8221; align_sm=&#8221;align-center-sm&#8221; align_xs=&#8221;align-center-xs&#8221; font_weight=&#8221;&#8221; description_font_weight=&#8221;inherit&#8221;][ct_space space_lg=&#8221;50&#8243; space_md=&#8221;50&#8243; space_sm=&#8221;50&#8243; space_xs=&#8221;50&#8243;][ct_gallery_carousel layout=&#8221;layout2&#8243; images=&#8221;9593,9621,9617,9613,9609,9605,9601,9597,9669&#8243; col_xs=&#8221;1&#8243; col_sm=&#8221;2&#8243; col_md=&#8221;3&#8243; col_lg=&#8221;4&#8243; col_xl=&#8221;4&#8243; autoplay=&#8221;true&#8221; autoplay_timeout=&#8221;5000&#8243; arrows=&#8221;true&#8221; bullets=&#8221;true&#8221;][\/vc_column][\/vc_row][vc_row][vc_column][ct_space space_lg=&#8221;50&#8243; space_md=&#8221;50&#8243; space_sm=&#8221;50&#8243; space_xs=&#8221;50&#8243;][ct_heading text=&#8221;Chirurgies esth\u00e9thiques&#8221; align_lg=&#8221;align-center&#8221; align_md=&#8221;align-center-md&#8221; align_sm=&#8221;align-center-sm&#8221; align_xs=&#8221;align-center-xs&#8221; font_weight=&#8221;&#8221; description_font_weight=&#8221;inherit&#8221;][ct_space space_lg=&#8221;50&#8243; space_md=&#8221;50&#8243; space_sm=&#8221;50&#8243; space_xs=&#8221;50&#8243;][ct_gallery_carousel layout=&#8221;layout2&#8243; images=&#8221;9665,9772,9768,9764,9760,9756,9752,9748,9744,9740,9736&#8243; col_xs=&#8221;1&#8243; col_sm=&#8221;2&#8243; col_md=&#8221;3&#8243; col_lg=&#8221;4&#8243; col_xl=&#8221;4&#8243; autoplay=&#8221;true&#8221; autoplay_timeout=&#8221;5000&#8243; arrows=&#8221;true&#8221; bullets=&#8221;true&#8221;][ct_space space_lg=&#8221;50&#8243; space_md=&#8221;50&#8243; space_sm=&#8221;50&#8243; space_xs=&#8221;50&#8243;][\/vc_column][\/vc_row][vc_row][vc_column][ct_space space_lg=&#8221;50&#8243; space_md=&#8221;50&#8243; space_sm=&#8221;50&#8243; space_xs=&#8221;50&#8243;][ct_heading text=&#8221;Les dents&#8221; align_lg=&#8221;align-center&#8221; align_md=&#8221;align-center-md&#8221; align_sm=&#8221;align-center-sm&#8221; align_xs=&#8221;align-center-xs&#8221; font_weight=&#8221;&#8221; description_font_weight=&#8221;inherit&#8221;][ct_space space_lg=&#8221;50&#8243; space_md=&#8221;50&#8243; space_sm=&#8221;50&#8243; space_xs=&#8221;50&#8243;][ct_gallery_carousel layout=&#8221;layout2&#8243; images=&#8221;9661,9657,9653,9649,9645,9641,9637,9633,9629,9625&#8243; col_xs=&#8221;1&#8243; col_sm=&#8221;2&#8243; col_md=&#8221;3&#8243; col_lg=&#8221;4&#8243; col_xl=&#8221;4&#8243; autoplay=&#8221;true&#8221; autoplay_timeout=&#8221;5000&#8243; arrows=&#8221;true&#8221; bullets=&#8221;true&#8221;][\/vc_column][\/vc_row][vc_row][vc_column][ct_space space_lg=&#8221;50&#8243; space_md=&#8221;50&#8243; space_sm=&#8221;50&#8243; space_xs=&#8221;50&#8243;][ct_heading text=&#8221;H\u00f4pitals de Healing Clinic&#8221; align_lg=&#8221;align-center&#8221; align_md=&#8221;align-center-md&#8221; align_sm=&#8221;align-center-sm&#8221; align_xs=&#8221;align-center-xs&#8221; font_weight=&#8221;&#8221; description_font_weight=&#8221;inherit&#8221;][ct_space space_lg=&#8221;50&#8243; space_md=&#8221;50&#8243; space_sm=&#8221;50&#8243; space_xs=&#8221;50&#8243;][ct_gallery_carousel layout=&#8221;layout2&#8243; col_xs=&#8221;1&#8243; col_sm=&#8221;2&#8243; col_md=&#8221;3&#8243; col_lg=&#8221;4&#8243; col_xl=&#8221;4&#8243; autoplay=&#8221;true&#8221; autoplay_timeout=&#8221;5000&#8243; arrows=&#8221;true&#8221; bullets=&#8221;true&#8221;][\/vc_column][\/vc_row]<\/p>\n<\/div>","protected":false},"excerpt":{"rendered":"<p>[vc_row][vc_column width=&#8221;1\/2&#8243;][ct_heading text=&#8221;Des moments inoubliables au c\u0153ur du jury d&#8217;un concours de beaut\u00e9&#8221; font_weight=&#8221;&#8221; description=&#8221;Vous \u00eates-vous d\u00e9j\u00e0 demand\u00e9 ce qui se passe dans les coulisses d&#8217;un concours de beaut\u00e9\u00a0? Dans cette vid\u00e9o, nous vous emmenons avec nous dans notre aventure en tant que juges. Nous vous montrerons l&#8217;excitation, les d\u00e9fis et les d\u00e9cisions difficiles que&#8230;<\/p>\n","protected":false},"author":1,"featured_media":0,"parent":0,"menu_order":0,"comment_status":"closed","ping_status":"closed","template":"","meta":{"footnotes":""},"class_list":["post-6303","page","type-page","status-publish","hentry"],"yoast_head":"<!-- This site is optimized with the Yoast SEO plugin v27.3 - https:\/\/yoast.com\/product\/yoast-seo-wordpress\/ -->\n<title>Galerie - Healing Clinic Turkey<\/title>\n<meta name=\"robots\" content=\"index, follow, max-snippet:-1, max-image-preview:large, max-video-preview:-1\" \/>\n<link rel=\"canonical\" href=\"https:\/\/healingclinicturkey.com\/fr\/gallery\/\" \/>\n<meta property=\"og:locale\" content=\"fr_FR\" \/>\n<meta property=\"og:type\" content=\"article\" \/>\n<meta property=\"og:title\" content=\"Galerie - Healing Clinic Turkey\" \/>\n<meta property=\"og:description\" content=\"[vc_row][vc_column width=&#8221;1\/2&#8243;][ct_heading text=&#8221;Des moments inoubliables au c\u0153ur du jury d&#8217;un concours de beaut\u00e9&#8221; font_weight=&#8221;&#8221; description=&#8221;Vous \u00eates-vous d\u00e9j\u00e0 demand\u00e9 ce qui se passe dans les coulisses d&#8217;un concours de beaut\u00e9\u00a0? Dans cette vid\u00e9o, nous vous emmenons avec nous dans notre aventure en tant que juges. Nous vous montrerons l&#8217;excitation, les d\u00e9fis et les d\u00e9cisions difficiles que...\" \/>\n<meta property=\"og:url\" content=\"https:\/\/healingclinicturkey.com\/fr\/gallery\/\" \/>\n<meta property=\"og:site_name\" content=\"Healing Clinic Turkey\" \/>\n<meta property=\"article:modified_time\" content=\"2025-08-30T07:32:35+00:00\" \/>\n<meta name=\"twitter:card\" content=\"summary_large_image\" \/>\n<meta name=\"twitter:label1\" content=\"Dur\u00e9e de lecture estim\u00e9e\" \/>\n\t<meta name=\"twitter:data1\" content=\"7 minutes\" \/>\n<script type=\"application\/ld+json\" class=\"yoast-schema-graph\">{\"@context\":\"https:\\\/\\\/schema.org\",\"@graph\":[{\"@type\":\"WebPage\",\"@id\":\"https:\\\/\\\/healingclinicturkey.com\\\/fr\\\/gallery\\\/\",\"url\":\"https:\\\/\\\/healingclinicturkey.com\\\/fr\\\/gallery\\\/\",\"name\":\"Galerie - Healing Clinic Turkey\",\"isPartOf\":{\"@id\":\"https:\\\/\\\/healingclinicturkey.com\\\/#website\"},\"datePublished\":\"2020-09-25T12:11:54+00:00\",\"dateModified\":\"2025-08-30T07:32:35+00:00\",\"breadcrumb\":{\"@id\":\"https:\\\/\\\/healingclinicturkey.com\\\/fr\\\/gallery\\\/#breadcrumb\"},\"inLanguage\":\"fr-FR\",\"potentialAction\":[{\"@type\":\"ReadAction\",\"target\":[\"https:\\\/\\\/healingclinicturkey.com\\\/fr\\\/gallery\\\/\"]}]},{\"@type\":\"BreadcrumbList\",\"@id\":\"https:\\\/\\\/healingclinicturkey.com\\\/fr\\\/gallery\\\/#breadcrumb\",\"itemListElement\":[{\"@type\":\"ListItem\",\"position\":1,\"name\":\"Home\",\"item\":\"https:\\\/\\\/healingclinicturkey.com\\\/fr\\\/\"},{\"@type\":\"ListItem\",\"position\":2,\"name\":\"Galerie\"}]},{\"@type\":\"WebSite\",\"@id\":\"https:\\\/\\\/healingclinicturkey.com\\\/#website\",\"url\":\"https:\\\/\\\/healingclinicturkey.com\\\/\",\"name\":\"Healing Clinic Turkey\",\"description\":\"\",\"publisher\":{\"@id\":\"https:\\\/\\\/healingclinicturkey.com\\\/#organization\"},\"potentialAction\":[{\"@type\":\"SearchAction\",\"target\":{\"@type\":\"EntryPoint\",\"urlTemplate\":\"https:\\\/\\\/healingclinicturkey.com\\\/?s={search_term_string}\"},\"query-input\":{\"@type\":\"PropertyValueSpecification\",\"valueRequired\":true,\"valueName\":\"search_term_string\"}}],\"inLanguage\":\"fr-FR\"},{\"@type\":\"Organization\",\"@id\":\"https:\\\/\\\/healingclinicturkey.com\\\/#organization\",\"name\":\"Healing Clinic\",\"url\":\"https:\\\/\\\/healingclinicturkey.com\\\/\",\"logo\":{\"@type\":\"ImageObject\",\"inLanguage\":\"fr-FR\",\"@id\":\"https:\\\/\\\/healingclinicturkey.com\\\/#\\\/schema\\\/logo\\\/image\\\/\",\"url\":\"https:\\\/\\\/healingclinicturkey.com\\\/wp-content\\\/uploads\\\/2024\\\/06\\\/HealingFinalLogo500x500.png\",\"contentUrl\":\"https:\\\/\\\/healingclinicturkey.com\\\/wp-content\\\/uploads\\\/2024\\\/06\\\/HealingFinalLogo500x500.png\",\"width\":500,\"height\":500,\"caption\":\"Healing Clinic\"},\"image\":{\"@id\":\"https:\\\/\\\/healingclinicturkey.com\\\/#\\\/schema\\\/logo\\\/image\\\/\"}}]}<\/script>\n<!-- \/ Yoast SEO plugin. -->","yoast_head_json":{"title":"Galerie - Healing Clinic Turkey","robots":{"index":"index","follow":"follow","max-snippet":"max-snippet:-1","max-image-preview":"max-image-preview:large","max-video-preview":"max-video-preview:-1"},"canonical":"https:\/\/healingclinicturkey.com\/fr\/gallery\/","og_locale":"fr_FR","og_type":"article","og_title":"Galerie - Healing Clinic Turkey","og_description":"[vc_row][vc_column width=&#8221;1\/2&#8243;][ct_heading text=&#8221;Des moments inoubliables au c\u0153ur du jury d&#8217;un concours de beaut\u00e9&#8221; font_weight=&#8221;&#8221; description=&#8221;Vous \u00eates-vous d\u00e9j\u00e0 demand\u00e9 ce qui se passe dans les coulisses d&#8217;un concours de beaut\u00e9\u00a0? Dans cette vid\u00e9o, nous vous emmenons avec nous dans notre aventure en tant que juges. Nous vous montrerons l&#8217;excitation, les d\u00e9fis et les d\u00e9cisions difficiles que...","og_url":"https:\/\/healingclinicturkey.com\/fr\/gallery\/","og_site_name":"Healing Clinic Turkey","article_modified_time":"2025-08-30T07:32:35+00:00","twitter_card":"summary_large_image","twitter_misc":{"Dur\u00e9e de lecture estim\u00e9e":"7 minutes"},"schema":{"@context":"https:\/\/schema.org","@graph":[{"@type":"WebPage","@id":"https:\/\/healingclinicturkey.com\/fr\/gallery\/","url":"https:\/\/healingclinicturkey.com\/fr\/gallery\/","name":"Galerie - Healing Clinic Turkey","isPartOf":{"@id":"https:\/\/healingclinicturkey.com\/#website"},"datePublished":"2020-09-25T12:11:54+00:00","dateModified":"2025-08-30T07:32:35+00:00","breadcrumb":{"@id":"https:\/\/healingclinicturkey.com\/fr\/gallery\/#breadcrumb"},"inLanguage":"fr-FR","potentialAction":[{"@type":"ReadAction","target":["https:\/\/healingclinicturkey.com\/fr\/gallery\/"]}]},{"@type":"BreadcrumbList","@id":"https:\/\/healingclinicturkey.com\/fr\/gallery\/#breadcrumb","itemListElement":[{"@type":"ListItem","position":1,"name":"Home","item":"https:\/\/healingclinicturkey.com\/fr\/"},{"@type":"ListItem","position":2,"name":"Galerie"}]},{"@type":"WebSite","@id":"https:\/\/healingclinicturkey.com\/#website","url":"https:\/\/healingclinicturkey.com\/","name":"Healing Clinic Turkey","description":"","publisher":{"@id":"https:\/\/healingclinicturkey.com\/#organization"},"potentialAction":[{"@type":"SearchAction","target":{"@type":"EntryPoint","urlTemplate":"https:\/\/healingclinicturkey.com\/?s={search_term_string}"},"query-input":{"@type":"PropertyValueSpecification","valueRequired":true,"valueName":"search_term_string"}}],"inLanguage":"fr-FR"},{"@type":"Organization","@id":"https:\/\/healingclinicturkey.com\/#organization","name":"Healing Clinic","url":"https:\/\/healingclinicturkey.com\/","logo":{"@type":"ImageObject","inLanguage":"fr-FR","@id":"https:\/\/healingclinicturkey.com\/#\/schema\/logo\/image\/","url":"https:\/\/healingclinicturkey.com\/wp-content\/uploads\/2024\/06\/HealingFinalLogo500x500.png","contentUrl":"https:\/\/healingclinicturkey.com\/wp-content\/uploads\/2024\/06\/HealingFinalLogo500x500.png","width":500,"height":500,"caption":"Healing Clinic"},"image":{"@id":"https:\/\/healingclinicturkey.com\/#\/schema\/logo\/image\/"}}]}},"_links":{"self":[{"href":"https:\/\/healingclinicturkey.com\/fr\/wp-json\/wp\/v2\/pages\/6303","targetHints":{"allow":["GET"]}}],"collection":[{"href":"https:\/\/healingclinicturkey.com\/fr\/wp-json\/wp\/v2\/pages"}],"about":[{"href":"https:\/\/healingclinicturkey.com\/fr\/wp-json\/wp\/v2\/types\/page"}],"author":[{"embeddable":true,"href":"https:\/\/healingclinicturkey.com\/fr\/wp-json\/wp\/v2\/users\/1"}],"replies":[{"embeddable":true,"href":"https:\/\/healingclinicturkey.com\/fr\/wp-json\/wp\/v2\/comments?post=6303"}],"version-history":[{"count":6,"href":"https:\/\/healingclinicturkey.com\/fr\/wp-json\/wp\/v2\/pages\/6303\/revisions"}],"predecessor-version":[{"id":10924,"href":"https:\/\/healingclinicturkey.com\/fr\/wp-json\/wp\/v2\/pages\/6303\/revisions\/10924"}],"wp:attachment":[{"href":"https:\/\/healingclinicturkey.com\/fr\/wp-json\/wp\/v2\/media?parent=6303"}],"curies":[{"name":"wp","href":"https:\/\/api.w.org\/{rel}","templated":true}]}}